{"id":606,"date":"2025-05-16T16:45:45","date_gmt":"2025-05-16T16:45:45","guid":{"rendered":"https:\/\/ferragenspereira.pt\/?product=8197523"},"modified":"2025-05-20T08:49:19","modified_gmt":"2025-05-20T08:49:19","slug":"8197523","status":"publish","type":"product","link":"https:\/\/ferragenspereira.pt\/?product=8197523","title":{"rendered":"BALDE LIXO RECYCLE  H216 1x12L ANTRACITE"},"content":{"rendered":"<p><strong data-start=\"473\" data-end=\"504\">Caracter\u00edsticas principais:<\/strong><\/p>\n<p class=\"\" data-start=\"507\" data-end=\"534\"><strong data-start=\"507\" data-end=\"522\">Capacidade:<\/strong> 12 litros<\/p>\n<p class=\"\" data-start=\"537\" data-end=\"592\"><strong data-start=\"537\" data-end=\"545\">Cor:<\/strong> Antracite (cinza escuro elegante e discreto)<\/p>\n<p class=\"\" data-start=\"595\" data-end=\"698\"><strong data-start=\"595\" data-end=\"620\">Dimens\u00f5es otimizadas:<\/strong> Ideal para uso em cozinhas, casas de banho, escrit\u00f3rios ou espa\u00e7os pequenos<\/p>\n<p class=\"\" data-start=\"701\" data-end=\"815\"><strong data-start=\"701\" data-end=\"725\">Material resistente:<\/strong> Fabricado com materiais de alta qualidade para garantir durabilidade e f\u00e1cil manuten\u00e7\u00e3o<\/p>\n<p class=\"\" data-start=\"818\" data-end=\"905\"><strong data-start=\"818\" data-end=\"839\">Design funcional:<\/strong> Tampa pr\u00e1tica e abertura ergon\u00f3mica para facilitar o uso di\u00e1rio<\/p>\n<p class=\"\" data-start=\"908\" data-end=\"988\"><strong data-start=\"908\" data-end=\"927\">Modelo Recycle:<\/strong> Perfeito para quem pretende adotar h\u00e1bitos mais sustent\u00e1veis<\/p>\n<p>Este balde \u00e9 a escolha ideal para quem procura uma solu\u00e7\u00e3o compacta, elegante e funcional para a gest\u00e3o de res\u00edduos.<\/p>\n","protected":false},"excerpt":{"rendered":"<p>Balde do Lixo Recycle H216 12L \u2013 Antracite<\/p>\n<p>Mantenha a sua casa ou escrit\u00f3rio limpos e organizados com o Balde do Lixo Recycle H216, com capacidade de 12 litros e acabamento moderno na cor antracite. Ideal para reciclagem e separa\u00e7\u00e3o de res\u00edduos, combina funcionalidade, design compacto e durabilidade.<\/p>\n","protected":false},"featured_media":694,"template":"","meta":{"iawp_total_views":0},"product_cat":[39,37],"product_tag":[],"class_list":{"0":"post-606","1":"product","2":"type-product","3":"status-publish","4":"has-post-thumbnail","6":"product_cat-lixo-gavetao","7":"product_cat-baldes-do-lixo","9":"first","10":"instock","11":"taxable","12":"shipping-taxable","13":"purchasable","14":"product-type-simple","15":"berocket_lgv_grid","16":"berocket_lgv_list_grid"},"yoast_head":"<!-- This site is optimized with the Yoast SEO plugin v22.5 - https:\/\/yoast.com\/wordpress\/plugins\/seo\/ -->\n<title>BALDE LIXO RECYCLE H216 1x12L ANTRACITE -<\/title>\n<meta name=\"robots\" content=\"index, follow, max-snippet:-1, max-image-preview:large, max-video-preview:-1\" \/>\n<link rel=\"canonical\" href=\"https:\/\/ferragenspereira.pt\/?product=8197523\" \/>\n<meta property=\"og:locale\" content=\"pt_PT\" \/>\n<meta property=\"og:type\" content=\"article\" \/>\n<meta property=\"og:title\" content=\"BALDE LIXO RECYCLE H216 1x12L ANTRACITE -\" \/>\n<meta property=\"og:description\" content=\"Balde do Lixo Recycle H216 12L \u2013 Antracite  Mantenha a sua casa ou escrit\u00f3rio limpos e organizados com o Balde do Lixo Recycle H216, com capacidade de 12 litros e acabamento moderno na cor antracite. Ideal para reciclagem e separa\u00e7\u00e3o de res\u00edduos, combina funcionalidade, design compacto e durabilidade.\" \/>\n<meta property=\"og:url\" content=\"https:\/\/ferragenspereira.pt\/?product=8197523\" \/>\n<meta property=\"article:modified_time\" content=\"2025-05-20T08:49:19+00:00\" \/>\n<meta property=\"og:image\" content=\"https:\/\/ferragenspereira.pt\/wp-content\/uploads\/2025\/05\/8197523.png\" \/>\n\t<meta property=\"og:image:width\" content=\"489\" \/>\n\t<meta property=\"og:image:height\" content=\"486\" \/>\n\t<meta property=\"og:image:type\" content=\"image\/png\" \/>\n<meta name=\"twitter:card\" content=\"summary_large_image\" \/>\n<meta name=\"twitter:label1\" content=\"Tempo estimado de leitura\" \/>\n\t<meta name=\"twitter:data1\" content=\"1 minuto\" \/>\n<script type=\"application\/ld+json\" class=\"yoast-schema-graph\">{\"@context\":\"https:\/\/schema.org\",\"@graph\":[{\"@type\":\"WebPage\",\"@id\":\"https:\/\/ferragenspereira.pt\/?product=8197523\",\"url\":\"https:\/\/ferragenspereira.pt\/?product=8197523\",\"name\":\"BALDE LIXO RECYCLE H216 1x12L ANTRACITE -\",\"isPartOf\":{\"@id\":\"https:\/\/ferragenspereira.pt\/#website\"},\"primaryImageOfPage\":{\"@id\":\"https:\/\/ferragenspereira.pt\/?product=8197523#primaryimage\"},\"image\":{\"@id\":\"https:\/\/ferragenspereira.pt\/?product=8197523#primaryimage\"},\"thumbnailUrl\":\"https:\/\/ferragenspereira.pt\/wp-content\/uploads\/2025\/05\/8197523.png\",\"datePublished\":\"2025-05-16T16:45:45+00:00\",\"dateModified\":\"2025-05-20T08:49:19+00:00\",\"breadcrumb\":{\"@id\":\"https:\/\/ferragenspereira.pt\/?product=8197523#breadcrumb\"},\"inLanguage\":\"pt-PT\",\"potentialAction\":[{\"@type\":\"ReadAction\",\"target\":[\"https:\/\/ferragenspereira.pt\/?product=8197523\"]}]},{\"@type\":\"ImageObject\",\"inLanguage\":\"pt-PT\",\"@id\":\"https:\/\/ferragenspereira.pt\/?product=8197523#primaryimage\",\"url\":\"https:\/\/ferragenspereira.pt\/wp-content\/uploads\/2025\/05\/8197523.png\",\"contentUrl\":\"https:\/\/ferragenspereira.pt\/wp-content\/uploads\/2025\/05\/8197523.png\",\"width\":489,\"height\":486},{\"@type\":\"BreadcrumbList\",\"@id\":\"https:\/\/ferragenspereira.pt\/?product=8197523#breadcrumb\",\"itemListElement\":[{\"@type\":\"ListItem\",\"position\":1,\"name\":\"In\u00edcio\",\"item\":\"https:\/\/ferragenspereira.pt\/\"},{\"@type\":\"ListItem\",\"position\":2,\"name\":\"Loja\",\"item\":\"https:\/\/ferragenspereira.pt\/?page_id=42\"},{\"@type\":\"ListItem\",\"position\":3,\"name\":\"BALDE LIXO RECYCLE H216 1x12L ANTRACITE\"}]},{\"@type\":\"WebSite\",\"@id\":\"https:\/\/ferragenspereira.pt\/#website\",\"url\":\"https:\/\/ferragenspereira.pt\/\",\"name\":\"Ferragens Pereira Lda\",\"description\":\"\",\"publisher\":{\"@id\":\"https:\/\/ferragenspereira.pt\/#organization\"},\"potentialAction\":[{\"@type\":\"SearchAction\",\"target\":{\"@type\":\"EntryPoint\",\"urlTemplate\":\"https:\/\/ferragenspereira.pt\/?s={search_term_string}\"},\"query-input\":\"required name=search_term_string\"}],\"inLanguage\":\"pt-PT\"},{\"@type\":\"Organization\",\"@id\":\"https:\/\/ferragenspereira.pt\/#organization\",\"name\":\"Ferragens Pereira Lda\",\"url\":\"https:\/\/ferragenspereira.pt\/\",\"logo\":{\"@type\":\"ImageObject\",\"inLanguage\":\"pt-PT\",\"@id\":\"https:\/\/ferragenspereira.pt\/#\/schema\/logo\/image\/\",\"url\":\"https:\/\/ferragenspereira.pt\/wp-content\/uploads\/2024\/04\/cropped-Logo.jpg\",\"contentUrl\":\"https:\/\/ferragenspereira.pt\/wp-content\/uploads\/2024\/04\/cropped-Logo.jpg\",\"width\":898,\"height\":817,\"caption\":\"Ferragens Pereira Lda\"},\"image\":{\"@id\":\"https:\/\/ferragenspereira.pt\/#\/schema\/logo\/image\/\"}}]}<\/script>\n<!-- \/ Yoast SEO plugin. -->","yoast_head_json":{"title":"BALDE LIXO RECYCLE H216 1x12L ANTRACITE -","robots":{"index":"index","follow":"follow","max-snippet":"max-snippet:-1","max-image-preview":"max-image-preview:large","max-video-preview":"max-video-preview:-1"},"canonical":"https:\/\/ferragenspereira.pt\/?product=8197523","og_locale":"pt_PT","og_type":"article","og_title":"BALDE LIXO RECYCLE H216 1x12L ANTRACITE -","og_description":"Balde do Lixo Recycle H216 12L \u2013 Antracite  Mantenha a sua casa ou escrit\u00f3rio limpos e organizados com o Balde do Lixo Recycle H216, com capacidade de 12 litros e acabamento moderno na cor antracite. Ideal para reciclagem e separa\u00e7\u00e3o de res\u00edduos, combina funcionalidade, design compacto e durabilidade.","og_url":"https:\/\/ferragenspereira.pt\/?product=8197523","article_modified_time":"2025-05-20T08:49:19+00:00","og_image":[{"width":489,"height":486,"url":"https:\/\/ferragenspereira.pt\/wp-content\/uploads\/2025\/05\/8197523.png","type":"image\/png"}],"twitter_card":"summary_large_image","twitter_misc":{"Tempo estimado de leitura":"1 minuto"},"schema":{"@context":"https:\/\/schema.org","@graph":[{"@type":"WebPage","@id":"https:\/\/ferragenspereira.pt\/?product=8197523","url":"https:\/\/ferragenspereira.pt\/?product=8197523","name":"BALDE LIXO RECYCLE H216 1x12L ANTRACITE -","isPartOf":{"@id":"https:\/\/ferragenspereira.pt\/#website"},"primaryImageOfPage":{"@id":"https:\/\/ferragenspereira.pt\/?product=8197523#primaryimage"},"image":{"@id":"https:\/\/ferragenspereira.pt\/?product=8197523#primaryimage"},"thumbnailUrl":"https:\/\/ferragenspereira.pt\/wp-content\/uploads\/2025\/05\/8197523.png","datePublished":"2025-05-16T16:45:45+00:00","dateModified":"2025-05-20T08:49:19+00:00","breadcrumb":{"@id":"https:\/\/ferragenspereira.pt\/?product=8197523#breadcrumb"},"inLanguage":"pt-PT","potentialAction":[{"@type":"ReadAction","target":["https:\/\/ferragenspereira.pt\/?product=8197523"]}]},{"@type":"ImageObject","inLanguage":"pt-PT","@id":"https:\/\/ferragenspereira.pt\/?product=8197523#primaryimage","url":"https:\/\/ferragenspereira.pt\/wp-content\/uploads\/2025\/05\/8197523.png","contentUrl":"https:\/\/ferragenspereira.pt\/wp-content\/uploads\/2025\/05\/8197523.png","width":489,"height":486},{"@type":"BreadcrumbList","@id":"https:\/\/ferragenspereira.pt\/?product=8197523#breadcrumb","itemListElement":[{"@type":"ListItem","position":1,"name":"In\u00edcio","item":"https:\/\/ferragenspereira.pt\/"},{"@type":"ListItem","position":2,"name":"Loja","item":"https:\/\/ferragenspereira.pt\/?page_id=42"},{"@type":"ListItem","position":3,"name":"BALDE LIXO RECYCLE H216 1x12L ANTRACITE"}]},{"@type":"WebSite","@id":"https:\/\/ferragenspereira.pt\/#website","url":"https:\/\/ferragenspereira.pt\/","name":"Ferragens Pereira Lda","description":"","publisher":{"@id":"https:\/\/ferragenspereira.pt\/#organization"},"potentialAction":[{"@type":"SearchAction","target":{"@type":"EntryPoint","urlTemplate":"https:\/\/ferragenspereira.pt\/?s={search_term_string}"},"query-input":"required name=search_term_string"}],"inLanguage":"pt-PT"},{"@type":"Organization","@id":"https:\/\/ferragenspereira.pt\/#organization","name":"Ferragens Pereira Lda","url":"https:\/\/ferragenspereira.pt\/","logo":{"@type":"ImageObject","inLanguage":"pt-PT","@id":"https:\/\/ferragenspereira.pt\/#\/schema\/logo\/image\/","url":"https:\/\/ferragenspereira.pt\/wp-content\/uploads\/2024\/04\/cropped-Logo.jpg","contentUrl":"https:\/\/ferragenspereira.pt\/wp-content\/uploads\/2024\/04\/cropped-Logo.jpg","width":898,"height":817,"caption":"Ferragens Pereira Lda"},"image":{"@id":"https:\/\/ferragenspereira.pt\/#\/schema\/logo\/image\/"}}]}},"_links":{"self":[{"href":"https:\/\/ferragenspereira.pt\/index.php?rest_route=\/wp\/v2\/product\/606","targetHints":{"allow":["GET"]}}],"collection":[{"href":"https:\/\/ferragenspereira.pt\/index.php?rest_route=\/wp\/v2\/product"}],"about":[{"href":"https:\/\/ferragenspereira.pt\/index.php?rest_route=\/wp\/v2\/types\/product"}],"wp:featuredmedia":[{"embeddable":true,"href":"https:\/\/ferragenspereira.pt\/index.php?rest_route=\/wp\/v2\/media\/694"}],"wp:attachment":[{"href":"https:\/\/ferragenspereira.pt\/index.php?rest_route=%2Fwp%2Fv2%2Fmedia&parent=606"}],"wp:term":[{"taxonomy":"product_cat","embeddable":true,"href":"https:\/\/ferragenspereira.pt\/index.php?rest_route=%2Fwp%2Fv2%2Fproduct_cat&post=606"},{"taxonomy":"product_tag","embeddable":true,"href":"https:\/\/ferragenspereira.pt\/index.php?rest_route=%2Fwp%2Fv2%2Fproduct_tag&post=606"}],"curies":[{"name":"wp","href":"https:\/\/api.w.org\/{rel}","templated":true}]}}