{"id":601,"date":"2025-05-16T16:45:45","date_gmt":"2025-05-16T16:45:45","guid":{"rendered":"https:\/\/ferragenspereira.pt\/?product=017336106310"},"modified":"2025-05-19T16:17:15","modified_gmt":"2025-05-19T16:17:15","slug":"017336106310","status":"publish","type":"product","link":"https:\/\/ferragenspereira.pt\/?product=017336106310","title":{"rendered":"BALDE LIXO HAILO EURO CARGO MOD.600 (30+13+13+D) 3610631"},"content":{"rendered":"<p>Ficha T\u00e9cnica<\/p>\n<p class=\"\" data-start=\"144\" data-end=\"197\"><strong data-start=\"144\" data-end=\"158\">Refer\u00eancia<\/strong>: <span class=\"relative -mx-px my-[-0.2rem] rounded px-px py-[0.2rem] transition-colors duration-100 ease-in-out\">3610631<\/span><\/p>\n<p class=\"\" data-start=\"200\" data-end=\"261\"><strong data-start=\"200\" data-end=\"220\">Capacidade total<\/strong>: <span class=\"relative -mx-px my-[-0.2rem] rounded px-px py-[0.2rem] transition-colors duration-100 ease-in-out\">56 litros<\/span><\/p>\n<p class=\"\" data-start=\"266\" data-end=\"305\"><span class=\"relative -mx-px my-[-0.2rem] rounded px-px py-[0.2rem] transition-colors duration-100 ease-in-out\">1 balde de 30 L<\/span><\/p>\n<p class=\"\" data-start=\"310\" data-end=\"349\"><span class=\"relative -mx-px my-[-0.2rem] rounded px-px py-[0.2rem] transition-colors duration-100 ease-in-out\">2 baldes de 13 L<\/span><\/p>\n<p class=\"\" data-start=\"352\" data-end=\"429\"><strong data-start=\"352\" data-end=\"388\">Dimens\u00f5es do produto (L x P x A)<\/strong>: <span class=\"relative -mx-px my-[-0.2rem] rounded px-px py-[0.2rem] transition-colors duration-100 ease-in-out\">562\u2013568 x 403 x 439 mm<\/span><\/p>\n<p class=\"\" data-start=\"432\" data-end=\"507\"><strong data-start=\"432\" data-end=\"466\">Profundidade m\u00ednima do arm\u00e1rio<\/strong>: <span class=\"relative -mx-px my-[-0.2rem] rounded px-px py-[0.2rem] transition-colors duration-100 ease-in-out\">450 mm<\/span><\/p>\n<p class=\"\" data-start=\"510\" data-end=\"596\"><strong data-start=\"510\" data-end=\"555\">Espessura das paredes laterais do arm\u00e1rio<\/strong>: <span class=\"relative -mx-px my-[-0.2rem] rounded px-px py-[0.2rem] transition-colors duration-100 ease-in-out\">16\u201319 mm (autoajust\u00e1vel)<\/span><\/p>\n<p class=\"\" data-start=\"599\" data-end=\"663\"><strong data-start=\"599\" data-end=\"622\">Sistema de extra\u00e7\u00e3o<\/strong>: <span class=\"relative -mx-px my-[-0.2rem] rounded px-px py-[0.2rem] transition-colors duration-100 ease-in-out\">Corredi\u00e7as cobertas com amortecimento e fecho autom\u00e1tico sincronizado<\/span><\/p>\n<p class=\"\" data-start=\"666\" data-end=\"719\"><strong data-start=\"666\" data-end=\"678\">Montagem<\/strong>: <span class=\"relative -mx-px my-[-0.2rem] rounded px-px py-[0.2rem] transition-colors duration-100 ease-in-out\">Fixa\u00e7\u00e3o nas paredes laterais do arm\u00e1rio<\/span><\/p>\n<p class=\"\" data-start=\"722\" data-end=\"772\"><strong data-start=\"722\" data-end=\"731\">Tampa<\/strong>: <span class=\"relative -mx-px my-[-0.2rem] rounded px-px py-[0.2rem] transition-colors duration-100 ease-in-out\">Tampa met\u00e1lica do sistema + 1 tampa para balde de 13 L<\/span><\/p>\n<p class=\"\" data-start=\"775\" data-end=\"844\"><strong data-start=\"775\" data-end=\"803\">Cor das partes met\u00e1licas<\/strong>: <span class=\"relative -mx-px my-[-0.2rem] rounded px-px py-[0.2rem] transition-colors duration-100 ease-in-out\">Prateado<\/span><\/p>\n<p class=\"\" data-start=\"847\" data-end=\"916\"><strong data-start=\"847\" data-end=\"875\">Cor das partes pl\u00e1sticas<\/strong>: <span class=\"relative -mx-px my-[-0.2rem] rounded px-px py-[0.2rem] transition-colors duration-100 ease-in-out\">Cinza claro<\/span><\/p>\n<p class=\"\" data-start=\"919\" data-end=\"1021\"><strong data-start=\"919\" data-end=\"941\">Peso com embalagem<\/strong>: <span class=\"relative -mx-px my-[-0.2rem] rounded px-px py-[0.2rem] transition-colors duration-100 ease-in-out\">11,45 kg<\/span><\/p>\n","protected":false},"excerpt":{"rendered":"<p><span class=\"relative -mx-px my-[-0.2rem] rounded px-px py-[0.2rem] transition-colors duration-100 ease-in-out\">O <strong data-start=\"2\" data-end=\"42\">HAILO AS Euro Cargo S 600 30\/13\/13\/D<\/strong> (refer\u00eancia 3610631) \u00e9 um sistema de separa\u00e7\u00e3o de res\u00edduos embutido de alta qualidade, projetado para arm\u00e1rios de cozinha com largura de 600 mm.<\/span> <span class=\"relative -mx-px my-[-0.2rem] rounded px-px py-[0.2rem] transition-colors duration-100 ease-in-out\">Este modelo oferece uma solu\u00e7\u00e3o pr\u00e1tica e eficiente para a gest\u00e3o de res\u00edduos dom\u00e9sticos, combinando funcionalidade e design moderno.<\/span><\/p>\n","protected":false},"featured_media":682,"template":"","meta":{"iawp_total_views":0},"product_cat":[37],"product_tag":[],"class_list":{"0":"post-601","1":"product","2":"type-product","3":"status-publish","4":"has-post-thumbnail","6":"product_cat-baldes-do-lixo","8":"first","9":"instock","10":"taxable","11":"shipping-taxable","12":"purchasable","13":"product-type-simple","14":"berocket_lgv_grid","15":"berocket_lgv_list_grid"},"yoast_head":"<!-- This site is optimized with the Yoast SEO plugin v22.5 - https:\/\/yoast.com\/wordpress\/plugins\/seo\/ -->\n<title>BALDE LIXO HAILO EURO CARGO MOD.600 (30+13+13+D) 3610631 -<\/title>\n<meta name=\"robots\" content=\"index, follow, max-snippet:-1, max-image-preview:large, max-video-preview:-1\" \/>\n<link rel=\"canonical\" href=\"https:\/\/ferragenspereira.pt\/?product=017336106310\" \/>\n<meta property=\"og:locale\" content=\"pt_PT\" \/>\n<meta property=\"og:type\" content=\"article\" \/>\n<meta property=\"og:title\" content=\"BALDE LIXO HAILO EURO CARGO MOD.600 (30+13+13+D) 3610631 -\" \/>\n<meta property=\"og:description\" content=\"O HAILO AS Euro Cargo S 600 30\/13\/13\/D (refer\u00eancia 3610631) \u00e9 um sistema de separa\u00e7\u00e3o de res\u00edduos embutido de alta qualidade, projetado para arm\u00e1rios de cozinha com largura de 600 mm. Este modelo oferece uma solu\u00e7\u00e3o pr\u00e1tica e eficiente para a gest\u00e3o de res\u00edduos dom\u00e9sticos, combinando funcionalidade e design moderno.\" \/>\n<meta property=\"og:url\" content=\"https:\/\/ferragenspereira.pt\/?product=017336106310\" \/>\n<meta property=\"article:modified_time\" content=\"2025-05-19T16:17:15+00:00\" \/>\n<meta property=\"og:image\" content=\"https:\/\/ferragenspereira.pt\/wp-content\/uploads\/2025\/05\/017336106310.png\" \/>\n\t<meta property=\"og:image:width\" content=\"305\" \/>\n\t<meta property=\"og:image:height\" content=\"399\" \/>\n\t<meta property=\"og:image:type\" content=\"image\/png\" \/>\n<meta name=\"twitter:card\" content=\"summary_large_image\" \/>\n<meta name=\"twitter:label1\" content=\"Tempo estimado de leitura\" \/>\n\t<meta name=\"twitter:data1\" content=\"1 minuto\" \/>\n<script type=\"application\/ld+json\" class=\"yoast-schema-graph\">{\"@context\":\"https:\/\/schema.org\",\"@graph\":[{\"@type\":\"WebPage\",\"@id\":\"https:\/\/ferragenspereira.pt\/?product=017336106310\",\"url\":\"https:\/\/ferragenspereira.pt\/?product=017336106310\",\"name\":\"BALDE LIXO HAILO EURO CARGO MOD.600 (30+13+13+D) 3610631 -\",\"isPartOf\":{\"@id\":\"https:\/\/ferragenspereira.pt\/#website\"},\"primaryImageOfPage\":{\"@id\":\"https:\/\/ferragenspereira.pt\/?product=017336106310#primaryimage\"},\"image\":{\"@id\":\"https:\/\/ferragenspereira.pt\/?product=017336106310#primaryimage\"},\"thumbnailUrl\":\"https:\/\/ferragenspereira.pt\/wp-content\/uploads\/2025\/05\/017336106310.png\",\"datePublished\":\"2025-05-16T16:45:45+00:00\",\"dateModified\":\"2025-05-19T16:17:15+00:00\",\"breadcrumb\":{\"@id\":\"https:\/\/ferragenspereira.pt\/?product=017336106310#breadcrumb\"},\"inLanguage\":\"pt-PT\",\"potentialAction\":[{\"@type\":\"ReadAction\",\"target\":[\"https:\/\/ferragenspereira.pt\/?product=017336106310\"]}]},{\"@type\":\"ImageObject\",\"inLanguage\":\"pt-PT\",\"@id\":\"https:\/\/ferragenspereira.pt\/?product=017336106310#primaryimage\",\"url\":\"https:\/\/ferragenspereira.pt\/wp-content\/uploads\/2025\/05\/017336106310.png\",\"contentUrl\":\"https:\/\/ferragenspereira.pt\/wp-content\/uploads\/2025\/05\/017336106310.png\",\"width\":305,\"height\":399},{\"@type\":\"BreadcrumbList\",\"@id\":\"https:\/\/ferragenspereira.pt\/?product=017336106310#breadcrumb\",\"itemListElement\":[{\"@type\":\"ListItem\",\"position\":1,\"name\":\"In\u00edcio\",\"item\":\"https:\/\/ferragenspereira.pt\/\"},{\"@type\":\"ListItem\",\"position\":2,\"name\":\"Loja\",\"item\":\"https:\/\/ferragenspereira.pt\/?page_id=42\"},{\"@type\":\"ListItem\",\"position\":3,\"name\":\"BALDE LIXO HAILO EURO CARGO MOD.600 (30+13+13+D) 3610631\"}]},{\"@type\":\"WebSite\",\"@id\":\"https:\/\/ferragenspereira.pt\/#website\",\"url\":\"https:\/\/ferragenspereira.pt\/\",\"name\":\"Ferragens Pereira Lda\",\"description\":\"\",\"publisher\":{\"@id\":\"https:\/\/ferragenspereira.pt\/#organization\"},\"potentialAction\":[{\"@type\":\"SearchAction\",\"target\":{\"@type\":\"EntryPoint\",\"urlTemplate\":\"https:\/\/ferragenspereira.pt\/?s={search_term_string}\"},\"query-input\":\"required name=search_term_string\"}],\"inLanguage\":\"pt-PT\"},{\"@type\":\"Organization\",\"@id\":\"https:\/\/ferragenspereira.pt\/#organization\",\"name\":\"Ferragens Pereira Lda\",\"url\":\"https:\/\/ferragenspereira.pt\/\",\"logo\":{\"@type\":\"ImageObject\",\"inLanguage\":\"pt-PT\",\"@id\":\"https:\/\/ferragenspereira.pt\/#\/schema\/logo\/image\/\",\"url\":\"https:\/\/ferragenspereira.pt\/wp-content\/uploads\/2024\/04\/cropped-Logo.jpg\",\"contentUrl\":\"https:\/\/ferragenspereira.pt\/wp-content\/uploads\/2024\/04\/cropped-Logo.jpg\",\"width\":898,\"height\":817,\"caption\":\"Ferragens Pereira Lda\"},\"image\":{\"@id\":\"https:\/\/ferragenspereira.pt\/#\/schema\/logo\/image\/\"}}]}<\/script>\n<!-- \/ Yoast SEO plugin. -->","yoast_head_json":{"title":"BALDE LIXO HAILO EURO CARGO MOD.600 (30+13+13+D) 3610631 -","robots":{"index":"index","follow":"follow","max-snippet":"max-snippet:-1","max-image-preview":"max-image-preview:large","max-video-preview":"max-video-preview:-1"},"canonical":"https:\/\/ferragenspereira.pt\/?product=017336106310","og_locale":"pt_PT","og_type":"article","og_title":"BALDE LIXO HAILO EURO CARGO MOD.600 (30+13+13+D) 3610631 -","og_description":"O HAILO AS Euro Cargo S 600 30\/13\/13\/D (refer\u00eancia 3610631) \u00e9 um sistema de separa\u00e7\u00e3o de res\u00edduos embutido de alta qualidade, projetado para arm\u00e1rios de cozinha com largura de 600 mm. Este modelo oferece uma solu\u00e7\u00e3o pr\u00e1tica e eficiente para a gest\u00e3o de res\u00edduos dom\u00e9sticos, combinando funcionalidade e design moderno.","og_url":"https:\/\/ferragenspereira.pt\/?product=017336106310","article_modified_time":"2025-05-19T16:17:15+00:00","og_image":[{"width":305,"height":399,"url":"https:\/\/ferragenspereira.pt\/wp-content\/uploads\/2025\/05\/017336106310.png","type":"image\/png"}],"twitter_card":"summary_large_image","twitter_misc":{"Tempo estimado de leitura":"1 minuto"},"schema":{"@context":"https:\/\/schema.org","@graph":[{"@type":"WebPage","@id":"https:\/\/ferragenspereira.pt\/?product=017336106310","url":"https:\/\/ferragenspereira.pt\/?product=017336106310","name":"BALDE LIXO HAILO EURO CARGO MOD.600 (30+13+13+D) 3610631 -","isPartOf":{"@id":"https:\/\/ferragenspereira.pt\/#website"},"primaryImageOfPage":{"@id":"https:\/\/ferragenspereira.pt\/?product=017336106310#primaryimage"},"image":{"@id":"https:\/\/ferragenspereira.pt\/?product=017336106310#primaryimage"},"thumbnailUrl":"https:\/\/ferragenspereira.pt\/wp-content\/uploads\/2025\/05\/017336106310.png","datePublished":"2025-05-16T16:45:45+00:00","dateModified":"2025-05-19T16:17:15+00:00","breadcrumb":{"@id":"https:\/\/ferragenspereira.pt\/?product=017336106310#breadcrumb"},"inLanguage":"pt-PT","potentialAction":[{"@type":"ReadAction","target":["https:\/\/ferragenspereira.pt\/?product=017336106310"]}]},{"@type":"ImageObject","inLanguage":"pt-PT","@id":"https:\/\/ferragenspereira.pt\/?product=017336106310#primaryimage","url":"https:\/\/ferragenspereira.pt\/wp-content\/uploads\/2025\/05\/017336106310.png","contentUrl":"https:\/\/ferragenspereira.pt\/wp-content\/uploads\/2025\/05\/017336106310.png","width":305,"height":399},{"@type":"BreadcrumbList","@id":"https:\/\/ferragenspereira.pt\/?product=017336106310#breadcrumb","itemListElement":[{"@type":"ListItem","position":1,"name":"In\u00edcio","item":"https:\/\/ferragenspereira.pt\/"},{"@type":"ListItem","position":2,"name":"Loja","item":"https:\/\/ferragenspereira.pt\/?page_id=42"},{"@type":"ListItem","position":3,"name":"BALDE LIXO HAILO EURO CARGO MOD.600 (30+13+13+D) 3610631"}]},{"@type":"WebSite","@id":"https:\/\/ferragenspereira.pt\/#website","url":"https:\/\/ferragenspereira.pt\/","name":"Ferragens Pereira Lda","description":"","publisher":{"@id":"https:\/\/ferragenspereira.pt\/#organization"},"potentialAction":[{"@type":"SearchAction","target":{"@type":"EntryPoint","urlTemplate":"https:\/\/ferragenspereira.pt\/?s={search_term_string}"},"query-input":"required name=search_term_string"}],"inLanguage":"pt-PT"},{"@type":"Organization","@id":"https:\/\/ferragenspereira.pt\/#organization","name":"Ferragens Pereira Lda","url":"https:\/\/ferragenspereira.pt\/","logo":{"@type":"ImageObject","inLanguage":"pt-PT","@id":"https:\/\/ferragenspereira.pt\/#\/schema\/logo\/image\/","url":"https:\/\/ferragenspereira.pt\/wp-content\/uploads\/2024\/04\/cropped-Logo.jpg","contentUrl":"https:\/\/ferragenspereira.pt\/wp-content\/uploads\/2024\/04\/cropped-Logo.jpg","width":898,"height":817,"caption":"Ferragens Pereira Lda"},"image":{"@id":"https:\/\/ferragenspereira.pt\/#\/schema\/logo\/image\/"}}]}},"_links":{"self":[{"href":"https:\/\/ferragenspereira.pt\/index.php?rest_route=\/wp\/v2\/product\/601","targetHints":{"allow":["GET"]}}],"collection":[{"href":"https:\/\/ferragenspereira.pt\/index.php?rest_route=\/wp\/v2\/product"}],"about":[{"href":"https:\/\/ferragenspereira.pt\/index.php?rest_route=\/wp\/v2\/types\/product"}],"wp:featuredmedia":[{"embeddable":true,"href":"https:\/\/ferragenspereira.pt\/index.php?rest_route=\/wp\/v2\/media\/682"}],"wp:attachment":[{"href":"https:\/\/ferragenspereira.pt\/index.php?rest_route=%2Fwp%2Fv2%2Fmedia&parent=601"}],"wp:term":[{"taxonomy":"product_cat","embeddable":true,"href":"https:\/\/ferragenspereira.pt\/index.php?rest_route=%2Fwp%2Fv2%2Fproduct_cat&post=601"},{"taxonomy":"product_tag","embeddable":true,"href":"https:\/\/ferragenspereira.pt\/index.php?rest_route=%2Fwp%2Fv2%2Fproduct_tag&post=601"}],"curies":[{"name":"wp","href":"https:\/\/api.w.org\/{rel}","templated":true}]}}