{"id":597,"date":"2025-05-16T16:45:44","date_gmt":"2025-05-16T16:45:44","guid":{"rendered":"https:\/\/ferragenspereira.pt\/?product=7965810007"},"modified":"2025-05-19T16:01:07","modified_gmt":"2025-05-19T16:01:07","slug":"7965810007","status":"publish","type":"product","link":"https:\/\/ferragenspereira.pt\/?product=7965810007","title":{"rendered":"BALDE LIXO FLEXX 35L FI-4915.35"},"content":{"rendered":"<p><strong data-start=\"635\" data-end=\"665\">Caracter\u00edsticas adicionais<\/strong>:<\/p>\n<p class=\"\" data-start=\"671\" data-end=\"710\"><span class=\"relative -mx-px my-[-0.2rem] rounded px-px py-[0.2rem] transition-colors duration-100 ease-in-out\">Abertura autom\u00e1tica da tampa ao abrir a porta<\/span><\/p>\n<p class=\"\" data-start=\"715\" data-end=\"754\"><span class=\"relative -mx-px my-[-0.2rem] rounded px-px py-[0.2rem] transition-colors duration-100 ease-in-out\">Possibilidade de utiliza\u00e7\u00e3o com um saco de 35L ou dois de 17L<\/span><\/p>\n<p class=\"\" data-start=\"759\" data-end=\"798\"><span class=\"relative -mx-px my-[-0.2rem] rounded px-px py-[0.2rem] transition-colors duration-100 ease-in-out\">Tampa girat\u00f3ria com espa\u00e7o adicional para armazenamento<\/span><\/p>\n<p><span class=\"relative -mx-px my-[-0.2rem] rounded px-px py-[0.2rem] transition-colors duration-100 ease-in-out\">Montagem r\u00e1pida e revers\u00edvel (esquerda ou direita)<\/span><\/p>\n","protected":false},"excerpt":{"rendered":"<p>&nbsp;<\/p>\n<p class=\"\" data-start=\"195\" data-end=\"250\"><strong data-start=\"195\" data-end=\"209\">Refer\u00eancia<\/strong>: <span class=\"relative -mx-px my-[-0.2rem] rounded px-px py-[0.2rem] transition-colors duration-100 ease-in-out\">FI-4915.35<\/span><\/p>\n<p class=\"\" data-start=\"253\" data-end=\"308\"><strong data-start=\"253\" data-end=\"267\">Capacidade<\/strong>: <span class=\"relative -mx-px my-[-0.2rem] rounded px-px py-[0.2rem] transition-colors duration-100 ease-in-out\">35 litros<\/span><\/p>\n<p class=\"\" data-start=\"311\" data-end=\"374\"><strong data-start=\"311\" data-end=\"333\">Tipo de instala\u00e7\u00e3o<\/strong>: <span class=\"relative -mx-px my-[-0.2rem] rounded px-px py-[0.2rem] transition-colors duration-100 ease-in-out\">Fixa\u00e7\u00e3o \u00e0 porta (balde girat\u00f3rio)<\/span><\/p>\n<p class=\"\" data-start=\"377\" data-end=\"439\"><strong data-start=\"377\" data-end=\"398\">M\u00f3dulo compat\u00edvel<\/strong>: <span class=\"relative -mx-px my-[-0.2rem] rounded px-px py-[0.2rem] transition-colors duration-100 ease-in-out\">450 mm<\/span><\/p>\n<p class=\"\" data-start=\"442\" data-end=\"506\"><strong data-start=\"442\" data-end=\"465\">Profundidade m\u00ednima<\/strong>: <span class=\"relative -mx-px my-[-0.2rem] rounded px-px py-[0.2rem] transition-colors duration-100 ease-in-out\">356 mm<\/span><\/p>\n<p class=\"\" data-start=\"509\" data-end=\"581\"><strong data-start=\"509\" data-end=\"540\">Altura m\u00ednima de instala\u00e7\u00e3o<\/strong>: <span class=\"relative -mx-px my-[-0.2rem] rounded px-px py-[0.2rem] transition-colors duration-100 ease-in-out\">470 mm<\/span><\/p>\n<p class=\"\" data-start=\"584\" data-end=\"632\"><strong data-start=\"584\" data-end=\"591\">Cor<\/strong>: <span class=\"relative -mx-px my-[-0.2rem] rounded px-px py-[0.2rem] transition-colors duration-100 ease-in-out\">Antracite\/Cinza<\/span><\/p>\n","protected":false},"featured_media":675,"template":"","meta":{"iawp_total_views":15},"product_cat":[37],"product_tag":[],"class_list":{"0":"post-597","1":"product","2":"type-product","3":"status-publish","4":"has-post-thumbnail","6":"product_cat-baldes-do-lixo","8":"first","9":"instock","10":"taxable","11":"shipping-taxable","12":"purchasable","13":"product-type-simple","14":"berocket_lgv_grid","15":"berocket_lgv_list_grid"},"yoast_head":"<!-- This site is optimized with the Yoast SEO plugin v22.5 - https:\/\/yoast.com\/wordpress\/plugins\/seo\/ -->\n<title>BALDE LIXO FLEXX 35L FI-4915.35 -<\/title>\n<meta name=\"robots\" content=\"index, follow, max-snippet:-1, max-image-preview:large, max-video-preview:-1\" \/>\n<link rel=\"canonical\" href=\"https:\/\/ferragenspereira.pt\/?product=7965810007\" \/>\n<meta property=\"og:locale\" content=\"pt_PT\" \/>\n<meta property=\"og:type\" content=\"article\" \/>\n<meta property=\"og:title\" content=\"BALDE LIXO FLEXX 35L FI-4915.35 -\" \/>\n<meta property=\"og:description\" content=\"&nbsp; Refer\u00eancia: FI-4915.35 Capacidade: 35 litros Tipo de instala\u00e7\u00e3o: Fixa\u00e7\u00e3o \u00e0 porta (balde girat\u00f3rio) M\u00f3dulo compat\u00edvel: 450 mm Profundidade m\u00ednima: 356 mm Altura m\u00ednima de instala\u00e7\u00e3o: 470 mm Cor: Antracite\/Cinza\" \/>\n<meta property=\"og:url\" content=\"https:\/\/ferragenspereira.pt\/?product=7965810007\" \/>\n<meta property=\"article:modified_time\" content=\"2025-05-19T16:01:07+00:00\" \/>\n<meta property=\"og:image\" content=\"https:\/\/ferragenspereira.pt\/wp-content\/uploads\/2025\/05\/7965810007.png\" \/>\n\t<meta property=\"og:image:width\" content=\"858\" \/>\n\t<meta property=\"og:image:height\" content=\"769\" \/>\n\t<meta property=\"og:image:type\" content=\"image\/png\" \/>\n<meta name=\"twitter:card\" content=\"summary_large_image\" \/>\n<meta name=\"twitter:label1\" content=\"Tempo estimado de leitura\" \/>\n\t<meta name=\"twitter:data1\" content=\"1 minuto\" \/>\n<script type=\"application\/ld+json\" class=\"yoast-schema-graph\">{\"@context\":\"https:\/\/schema.org\",\"@graph\":[{\"@type\":\"WebPage\",\"@id\":\"https:\/\/ferragenspereira.pt\/?product=7965810007\",\"url\":\"https:\/\/ferragenspereira.pt\/?product=7965810007\",\"name\":\"BALDE LIXO FLEXX 35L FI-4915.35 -\",\"isPartOf\":{\"@id\":\"https:\/\/ferragenspereira.pt\/#website\"},\"primaryImageOfPage\":{\"@id\":\"https:\/\/ferragenspereira.pt\/?product=7965810007#primaryimage\"},\"image\":{\"@id\":\"https:\/\/ferragenspereira.pt\/?product=7965810007#primaryimage\"},\"thumbnailUrl\":\"https:\/\/ferragenspereira.pt\/wp-content\/uploads\/2025\/05\/7965810007.png\",\"datePublished\":\"2025-05-16T16:45:44+00:00\",\"dateModified\":\"2025-05-19T16:01:07+00:00\",\"breadcrumb\":{\"@id\":\"https:\/\/ferragenspereira.pt\/?product=7965810007#breadcrumb\"},\"inLanguage\":\"pt-PT\",\"potentialAction\":[{\"@type\":\"ReadAction\",\"target\":[\"https:\/\/ferragenspereira.pt\/?product=7965810007\"]}]},{\"@type\":\"ImageObject\",\"inLanguage\":\"pt-PT\",\"@id\":\"https:\/\/ferragenspereira.pt\/?product=7965810007#primaryimage\",\"url\":\"https:\/\/ferragenspereira.pt\/wp-content\/uploads\/2025\/05\/7965810007.png\",\"contentUrl\":\"https:\/\/ferragenspereira.pt\/wp-content\/uploads\/2025\/05\/7965810007.png\",\"width\":858,\"height\":769},{\"@type\":\"BreadcrumbList\",\"@id\":\"https:\/\/ferragenspereira.pt\/?product=7965810007#breadcrumb\",\"itemListElement\":[{\"@type\":\"ListItem\",\"position\":1,\"name\":\"In\u00edcio\",\"item\":\"https:\/\/ferragenspereira.pt\/\"},{\"@type\":\"ListItem\",\"position\":2,\"name\":\"Loja\",\"item\":\"https:\/\/ferragenspereira.pt\/?page_id=42\"},{\"@type\":\"ListItem\",\"position\":3,\"name\":\"BALDE LIXO FLEXX 35L FI-4915.35\"}]},{\"@type\":\"WebSite\",\"@id\":\"https:\/\/ferragenspereira.pt\/#website\",\"url\":\"https:\/\/ferragenspereira.pt\/\",\"name\":\"Ferragens Pereira Lda\",\"description\":\"\",\"publisher\":{\"@id\":\"https:\/\/ferragenspereira.pt\/#organization\"},\"potentialAction\":[{\"@type\":\"SearchAction\",\"target\":{\"@type\":\"EntryPoint\",\"urlTemplate\":\"https:\/\/ferragenspereira.pt\/?s={search_term_string}\"},\"query-input\":\"required name=search_term_string\"}],\"inLanguage\":\"pt-PT\"},{\"@type\":\"Organization\",\"@id\":\"https:\/\/ferragenspereira.pt\/#organization\",\"name\":\"Ferragens Pereira Lda\",\"url\":\"https:\/\/ferragenspereira.pt\/\",\"logo\":{\"@type\":\"ImageObject\",\"inLanguage\":\"pt-PT\",\"@id\":\"https:\/\/ferragenspereira.pt\/#\/schema\/logo\/image\/\",\"url\":\"https:\/\/ferragenspereira.pt\/wp-content\/uploads\/2024\/04\/cropped-Logo.jpg\",\"contentUrl\":\"https:\/\/ferragenspereira.pt\/wp-content\/uploads\/2024\/04\/cropped-Logo.jpg\",\"width\":898,\"height\":817,\"caption\":\"Ferragens Pereira Lda\"},\"image\":{\"@id\":\"https:\/\/ferragenspereira.pt\/#\/schema\/logo\/image\/\"}}]}<\/script>\n<!-- \/ Yoast SEO plugin. -->","yoast_head_json":{"title":"BALDE LIXO FLEXX 35L FI-4915.35 -","robots":{"index":"index","follow":"follow","max-snippet":"max-snippet:-1","max-image-preview":"max-image-preview:large","max-video-preview":"max-video-preview:-1"},"canonical":"https:\/\/ferragenspereira.pt\/?product=7965810007","og_locale":"pt_PT","og_type":"article","og_title":"BALDE LIXO FLEXX 35L FI-4915.35 -","og_description":"&nbsp; Refer\u00eancia: FI-4915.35 Capacidade: 35 litros Tipo de instala\u00e7\u00e3o: Fixa\u00e7\u00e3o \u00e0 porta (balde girat\u00f3rio) M\u00f3dulo compat\u00edvel: 450 mm Profundidade m\u00ednima: 356 mm Altura m\u00ednima de instala\u00e7\u00e3o: 470 mm Cor: Antracite\/Cinza","og_url":"https:\/\/ferragenspereira.pt\/?product=7965810007","article_modified_time":"2025-05-19T16:01:07+00:00","og_image":[{"width":858,"height":769,"url":"https:\/\/ferragenspereira.pt\/wp-content\/uploads\/2025\/05\/7965810007.png","type":"image\/png"}],"twitter_card":"summary_large_image","twitter_misc":{"Tempo estimado de leitura":"1 minuto"},"schema":{"@context":"https:\/\/schema.org","@graph":[{"@type":"WebPage","@id":"https:\/\/ferragenspereira.pt\/?product=7965810007","url":"https:\/\/ferragenspereira.pt\/?product=7965810007","name":"BALDE LIXO FLEXX 35L FI-4915.35 -","isPartOf":{"@id":"https:\/\/ferragenspereira.pt\/#website"},"primaryImageOfPage":{"@id":"https:\/\/ferragenspereira.pt\/?product=7965810007#primaryimage"},"image":{"@id":"https:\/\/ferragenspereira.pt\/?product=7965810007#primaryimage"},"thumbnailUrl":"https:\/\/ferragenspereira.pt\/wp-content\/uploads\/2025\/05\/7965810007.png","datePublished":"2025-05-16T16:45:44+00:00","dateModified":"2025-05-19T16:01:07+00:00","breadcrumb":{"@id":"https:\/\/ferragenspereira.pt\/?product=7965810007#breadcrumb"},"inLanguage":"pt-PT","potentialAction":[{"@type":"ReadAction","target":["https:\/\/ferragenspereira.pt\/?product=7965810007"]}]},{"@type":"ImageObject","inLanguage":"pt-PT","@id":"https:\/\/ferragenspereira.pt\/?product=7965810007#primaryimage","url":"https:\/\/ferragenspereira.pt\/wp-content\/uploads\/2025\/05\/7965810007.png","contentUrl":"https:\/\/ferragenspereira.pt\/wp-content\/uploads\/2025\/05\/7965810007.png","width":858,"height":769},{"@type":"BreadcrumbList","@id":"https:\/\/ferragenspereira.pt\/?product=7965810007#breadcrumb","itemListElement":[{"@type":"ListItem","position":1,"name":"In\u00edcio","item":"https:\/\/ferragenspereira.pt\/"},{"@type":"ListItem","position":2,"name":"Loja","item":"https:\/\/ferragenspereira.pt\/?page_id=42"},{"@type":"ListItem","position":3,"name":"BALDE LIXO FLEXX 35L FI-4915.35"}]},{"@type":"WebSite","@id":"https:\/\/ferragenspereira.pt\/#website","url":"https:\/\/ferragenspereira.pt\/","name":"Ferragens Pereira Lda","description":"","publisher":{"@id":"https:\/\/ferragenspereira.pt\/#organization"},"potentialAction":[{"@type":"SearchAction","target":{"@type":"EntryPoint","urlTemplate":"https:\/\/ferragenspereira.pt\/?s={search_term_string}"},"query-input":"required name=search_term_string"}],"inLanguage":"pt-PT"},{"@type":"Organization","@id":"https:\/\/ferragenspereira.pt\/#organization","name":"Ferragens Pereira Lda","url":"https:\/\/ferragenspereira.pt\/","logo":{"@type":"ImageObject","inLanguage":"pt-PT","@id":"https:\/\/ferragenspereira.pt\/#\/schema\/logo\/image\/","url":"https:\/\/ferragenspereira.pt\/wp-content\/uploads\/2024\/04\/cropped-Logo.jpg","contentUrl":"https:\/\/ferragenspereira.pt\/wp-content\/uploads\/2024\/04\/cropped-Logo.jpg","width":898,"height":817,"caption":"Ferragens Pereira Lda"},"image":{"@id":"https:\/\/ferragenspereira.pt\/#\/schema\/logo\/image\/"}}]}},"_links":{"self":[{"href":"https:\/\/ferragenspereira.pt\/index.php?rest_route=\/wp\/v2\/product\/597","targetHints":{"allow":["GET"]}}],"collection":[{"href":"https:\/\/ferragenspereira.pt\/index.php?rest_route=\/wp\/v2\/product"}],"about":[{"href":"https:\/\/ferragenspereira.pt\/index.php?rest_route=\/wp\/v2\/types\/product"}],"wp:featuredmedia":[{"embeddable":true,"href":"https:\/\/ferragenspereira.pt\/index.php?rest_route=\/wp\/v2\/media\/675"}],"wp:attachment":[{"href":"https:\/\/ferragenspereira.pt\/index.php?rest_route=%2Fwp%2Fv2%2Fmedia&parent=597"}],"wp:term":[{"taxonomy":"product_cat","embeddable":true,"href":"https:\/\/ferragenspereira.pt\/index.php?rest_route=%2Fwp%2Fv2%2Fproduct_cat&post=597"},{"taxonomy":"product_tag","embeddable":true,"href":"https:\/\/ferragenspereira.pt\/index.php?rest_route=%2Fwp%2Fv2%2Fproduct_tag&post=597"}],"curies":[{"name":"wp","href":"https:\/\/api.w.org\/{rel}","templated":true}]}}