{"id":596,"date":"2025-05-16T16:45:44","date_gmt":"2025-05-16T16:45:44","guid":{"rendered":"https:\/\/ferragenspereira.pt\/?product=4010036"},"modified":"2025-05-19T16:06:09","modified_gmt":"2025-05-19T16:06:09","slug":"4010036","status":"publish","type":"product","link":"https:\/\/ferragenspereira.pt\/?product=4010036","title":{"rendered":"BALDE LIXO F218 PL\u00c1STICO CINZA 270 &#8211; 13LTS"},"content":{"rendered":"<p>Ficha T\u00e9cnica Resumida<\/p>\n<p class=\"\" data-start=\"153\" data-end=\"206\"><strong data-start=\"153\" data-end=\"167\">Refer\u00eancia<\/strong>: <span class=\"relative -mx-px my-[-0.2rem] rounded px-px py-[0.2rem] transition-colors duration-100 ease-in-out\">F218 \/ BL.270<\/span><\/p>\n<p class=\"\" data-start=\"209\" data-end=\"264\"><strong data-start=\"209\" data-end=\"223\">Capacidade<\/strong>: <span class=\"relative -mx-px my-[-0.2rem] rounded px-px py-[0.2rem] transition-colors duration-100 ease-in-out\">13 litros<\/span><\/p>\n<p class=\"\" data-start=\"267\" data-end=\"320\"><strong data-start=\"267\" data-end=\"279\">Material<\/strong>: <span class=\"relative -mx-px my-[-0.2rem] rounded px-px py-[0.2rem] transition-colors duration-100 ease-in-out\">Pl\u00e1stico cinza (polipropileno)<\/span><\/p>\n<p class=\"\" data-start=\"323\" data-end=\"386\"><strong data-start=\"323\" data-end=\"345\">Tipo de instala\u00e7\u00e3o<\/strong>: <span class=\"relative -mx-px my-[-0.2rem] rounded px-px py-[0.2rem] transition-colors duration-100 ease-in-out\">Fixa\u00e7\u00e3o \u00e0 porta do m\u00f3vel de cozinha<\/span><\/p>\n<p class=\"\" data-start=\"389\" data-end=\"442\"><strong data-start=\"389\" data-end=\"401\">Abertura<\/strong>: <span class=\"relative -mx-px my-[-0.2rem] rounded px-px py-[0.2rem] transition-colors duration-100 ease-in-out\">Autom\u00e1tica ao abrir a porta<\/span><\/p>\n<p class=\"\" data-start=\"445\" data-end=\"505\"><strong data-start=\"445\" data-end=\"464\">Compatibilidade<\/strong>: <span class=\"relative -mx-px my-[-0.2rem] rounded px-px py-[0.2rem] transition-colors duration-100 ease-in-out\">M\u00f3dulos com largura interior m\u00ednima de 400 mm<\/span><\/p>\n<p class=\"\" data-start=\"508\" data-end=\"574\"><strong data-start=\"508\" data-end=\"533\">Dimens\u00f5es aproximadas<\/strong>: <span class=\"relative -mx-px my-[-0.2rem] rounded px-px py-[0.2rem] transition-colors duration-100 ease-in-out\">29 \u00d7 29 \u00d7 36 cm<\/span><\/p>\n<p class=\"\" data-start=\"577\" data-end=\"626\"><strong data-start=\"577\" data-end=\"585\">Peso<\/strong>: <span class=\"relative -mx-px my-[-0.2rem] rounded px-px py-[0.2rem] transition-colors duration-100 ease-in-out\">1,2 kg<\/span><\/p>\n<p class=\"\" data-start=\"629\" data-end=\"734\"><strong data-start=\"629\" data-end=\"654\">Componentes inclu\u00eddos<\/strong>: <span class=\"relative -mx-px my-[-0.2rem] rounded px-px py-[0.2rem] transition-colors duration-100 ease-in-out\">1 balde de 13L, parafusos de montagem<\/span><\/p>\n","protected":false},"excerpt":{"rendered":"<p>Este modelo \u00e9 ideal para instala\u00e7\u00e3o em portas de arm\u00e1rios de cozinha, oferecendo uma solu\u00e7\u00e3o pr\u00e1tica e discreta para a gest\u00e3o de res\u00edduos<\/p>\n","protected":false},"featured_media":680,"template":"","meta":{"iawp_total_views":1},"product_cat":[37],"product_tag":[],"class_list":{"0":"post-596","1":"product","2":"type-product","3":"status-publish","4":"has-post-thumbnail","6":"product_cat-baldes-do-lixo","8":"first","9":"instock","10":"taxable","11":"shipping-taxable","12":"purchasable","13":"product-type-simple","14":"berocket_lgv_grid","15":"berocket_lgv_list_grid"},"yoast_head":"<!-- This site is optimized with the Yoast SEO plugin v22.5 - https:\/\/yoast.com\/wordpress\/plugins\/seo\/ -->\n<title>BALDE LIXO F218 PL\u00c1STICO CINZA 270 - 13LTS -<\/title>\n<meta name=\"robots\" content=\"index, follow, max-snippet:-1, max-image-preview:large, max-video-preview:-1\" \/>\n<link rel=\"canonical\" href=\"https:\/\/ferragenspereira.pt\/?product=4010036\" \/>\n<meta property=\"og:locale\" content=\"pt_PT\" \/>\n<meta property=\"og:type\" content=\"article\" \/>\n<meta property=\"og:title\" content=\"BALDE LIXO F218 PL\u00c1STICO CINZA 270 - 13LTS -\" \/>\n<meta property=\"og:description\" content=\"Este modelo \u00e9 ideal para instala\u00e7\u00e3o em portas de arm\u00e1rios de cozinha, oferecendo uma solu\u00e7\u00e3o pr\u00e1tica e discreta para a gest\u00e3o de res\u00edduos\" \/>\n<meta property=\"og:url\" content=\"https:\/\/ferragenspereira.pt\/?product=4010036\" \/>\n<meta property=\"article:modified_time\" content=\"2025-05-19T16:06:09+00:00\" \/>\n<meta property=\"og:image\" content=\"https:\/\/ferragenspereira.pt\/wp-content\/uploads\/2025\/05\/4010036.png\" \/>\n\t<meta property=\"og:image:width\" content=\"592\" \/>\n\t<meta property=\"og:image:height\" content=\"655\" \/>\n\t<meta property=\"og:image:type\" content=\"image\/png\" \/>\n<meta name=\"twitter:card\" content=\"summary_large_image\" \/>\n<meta name=\"twitter:label1\" content=\"Tempo estimado de leitura\" \/>\n\t<meta name=\"twitter:data1\" content=\"1 minuto\" \/>\n<script type=\"application\/ld+json\" class=\"yoast-schema-graph\">{\"@context\":\"https:\/\/schema.org\",\"@graph\":[{\"@type\":\"WebPage\",\"@id\":\"https:\/\/ferragenspereira.pt\/?product=4010036\",\"url\":\"https:\/\/ferragenspereira.pt\/?product=4010036\",\"name\":\"BALDE LIXO F218 PL\u00c1STICO CINZA 270 - 13LTS -\",\"isPartOf\":{\"@id\":\"https:\/\/ferragenspereira.pt\/#website\"},\"primaryImageOfPage\":{\"@id\":\"https:\/\/ferragenspereira.pt\/?product=4010036#primaryimage\"},\"image\":{\"@id\":\"https:\/\/ferragenspereira.pt\/?product=4010036#primaryimage\"},\"thumbnailUrl\":\"https:\/\/ferragenspereira.pt\/wp-content\/uploads\/2025\/05\/4010036.png\",\"datePublished\":\"2025-05-16T16:45:44+00:00\",\"dateModified\":\"2025-05-19T16:06:09+00:00\",\"breadcrumb\":{\"@id\":\"https:\/\/ferragenspereira.pt\/?product=4010036#breadcrumb\"},\"inLanguage\":\"pt-PT\",\"potentialAction\":[{\"@type\":\"ReadAction\",\"target\":[\"https:\/\/ferragenspereira.pt\/?product=4010036\"]}]},{\"@type\":\"ImageObject\",\"inLanguage\":\"pt-PT\",\"@id\":\"https:\/\/ferragenspereira.pt\/?product=4010036#primaryimage\",\"url\":\"https:\/\/ferragenspereira.pt\/wp-content\/uploads\/2025\/05\/4010036.png\",\"contentUrl\":\"https:\/\/ferragenspereira.pt\/wp-content\/uploads\/2025\/05\/4010036.png\",\"width\":592,\"height\":655},{\"@type\":\"BreadcrumbList\",\"@id\":\"https:\/\/ferragenspereira.pt\/?product=4010036#breadcrumb\",\"itemListElement\":[{\"@type\":\"ListItem\",\"position\":1,\"name\":\"In\u00edcio\",\"item\":\"https:\/\/ferragenspereira.pt\/\"},{\"@type\":\"ListItem\",\"position\":2,\"name\":\"Loja\",\"item\":\"https:\/\/ferragenspereira.pt\/?page_id=42\"},{\"@type\":\"ListItem\",\"position\":3,\"name\":\"BALDE LIXO F218 PL\u00c1STICO CINZA 270 &#8211; 13LTS\"}]},{\"@type\":\"WebSite\",\"@id\":\"https:\/\/ferragenspereira.pt\/#website\",\"url\":\"https:\/\/ferragenspereira.pt\/\",\"name\":\"Ferragens Pereira Lda\",\"description\":\"\",\"publisher\":{\"@id\":\"https:\/\/ferragenspereira.pt\/#organization\"},\"potentialAction\":[{\"@type\":\"SearchAction\",\"target\":{\"@type\":\"EntryPoint\",\"urlTemplate\":\"https:\/\/ferragenspereira.pt\/?s={search_term_string}\"},\"query-input\":\"required name=search_term_string\"}],\"inLanguage\":\"pt-PT\"},{\"@type\":\"Organization\",\"@id\":\"https:\/\/ferragenspereira.pt\/#organization\",\"name\":\"Ferragens Pereira Lda\",\"url\":\"https:\/\/ferragenspereira.pt\/\",\"logo\":{\"@type\":\"ImageObject\",\"inLanguage\":\"pt-PT\",\"@id\":\"https:\/\/ferragenspereira.pt\/#\/schema\/logo\/image\/\",\"url\":\"https:\/\/ferragenspereira.pt\/wp-content\/uploads\/2024\/04\/cropped-Logo.jpg\",\"contentUrl\":\"https:\/\/ferragenspereira.pt\/wp-content\/uploads\/2024\/04\/cropped-Logo.jpg\",\"width\":898,\"height\":817,\"caption\":\"Ferragens Pereira Lda\"},\"image\":{\"@id\":\"https:\/\/ferragenspereira.pt\/#\/schema\/logo\/image\/\"}}]}<\/script>\n<!-- \/ Yoast SEO plugin. -->","yoast_head_json":{"title":"BALDE LIXO F218 PL\u00c1STICO CINZA 270 - 13LTS -","robots":{"index":"index","follow":"follow","max-snippet":"max-snippet:-1","max-image-preview":"max-image-preview:large","max-video-preview":"max-video-preview:-1"},"canonical":"https:\/\/ferragenspereira.pt\/?product=4010036","og_locale":"pt_PT","og_type":"article","og_title":"BALDE LIXO F218 PL\u00c1STICO CINZA 270 - 13LTS -","og_description":"Este modelo \u00e9 ideal para instala\u00e7\u00e3o em portas de arm\u00e1rios de cozinha, oferecendo uma solu\u00e7\u00e3o pr\u00e1tica e discreta para a gest\u00e3o de res\u00edduos","og_url":"https:\/\/ferragenspereira.pt\/?product=4010036","article_modified_time":"2025-05-19T16:06:09+00:00","og_image":[{"width":592,"height":655,"url":"https:\/\/ferragenspereira.pt\/wp-content\/uploads\/2025\/05\/4010036.png","type":"image\/png"}],"twitter_card":"summary_large_image","twitter_misc":{"Tempo estimado de leitura":"1 minuto"},"schema":{"@context":"https:\/\/schema.org","@graph":[{"@type":"WebPage","@id":"https:\/\/ferragenspereira.pt\/?product=4010036","url":"https:\/\/ferragenspereira.pt\/?product=4010036","name":"BALDE LIXO F218 PL\u00c1STICO CINZA 270 - 13LTS -","isPartOf":{"@id":"https:\/\/ferragenspereira.pt\/#website"},"primaryImageOfPage":{"@id":"https:\/\/ferragenspereira.pt\/?product=4010036#primaryimage"},"image":{"@id":"https:\/\/ferragenspereira.pt\/?product=4010036#primaryimage"},"thumbnailUrl":"https:\/\/ferragenspereira.pt\/wp-content\/uploads\/2025\/05\/4010036.png","datePublished":"2025-05-16T16:45:44+00:00","dateModified":"2025-05-19T16:06:09+00:00","breadcrumb":{"@id":"https:\/\/ferragenspereira.pt\/?product=4010036#breadcrumb"},"inLanguage":"pt-PT","potentialAction":[{"@type":"ReadAction","target":["https:\/\/ferragenspereira.pt\/?product=4010036"]}]},{"@type":"ImageObject","inLanguage":"pt-PT","@id":"https:\/\/ferragenspereira.pt\/?product=4010036#primaryimage","url":"https:\/\/ferragenspereira.pt\/wp-content\/uploads\/2025\/05\/4010036.png","contentUrl":"https:\/\/ferragenspereira.pt\/wp-content\/uploads\/2025\/05\/4010036.png","width":592,"height":655},{"@type":"BreadcrumbList","@id":"https:\/\/ferragenspereira.pt\/?product=4010036#breadcrumb","itemListElement":[{"@type":"ListItem","position":1,"name":"In\u00edcio","item":"https:\/\/ferragenspereira.pt\/"},{"@type":"ListItem","position":2,"name":"Loja","item":"https:\/\/ferragenspereira.pt\/?page_id=42"},{"@type":"ListItem","position":3,"name":"BALDE LIXO F218 PL\u00c1STICO CINZA 270 &#8211; 13LTS"}]},{"@type":"WebSite","@id":"https:\/\/ferragenspereira.pt\/#website","url":"https:\/\/ferragenspereira.pt\/","name":"Ferragens Pereira Lda","description":"","publisher":{"@id":"https:\/\/ferragenspereira.pt\/#organization"},"potentialAction":[{"@type":"SearchAction","target":{"@type":"EntryPoint","urlTemplate":"https:\/\/ferragenspereira.pt\/?s={search_term_string}"},"query-input":"required name=search_term_string"}],"inLanguage":"pt-PT"},{"@type":"Organization","@id":"https:\/\/ferragenspereira.pt\/#organization","name":"Ferragens Pereira Lda","url":"https:\/\/ferragenspereira.pt\/","logo":{"@type":"ImageObject","inLanguage":"pt-PT","@id":"https:\/\/ferragenspereira.pt\/#\/schema\/logo\/image\/","url":"https:\/\/ferragenspereira.pt\/wp-content\/uploads\/2024\/04\/cropped-Logo.jpg","contentUrl":"https:\/\/ferragenspereira.pt\/wp-content\/uploads\/2024\/04\/cropped-Logo.jpg","width":898,"height":817,"caption":"Ferragens Pereira Lda"},"image":{"@id":"https:\/\/ferragenspereira.pt\/#\/schema\/logo\/image\/"}}]}},"_links":{"self":[{"href":"https:\/\/ferragenspereira.pt\/index.php?rest_route=\/wp\/v2\/product\/596","targetHints":{"allow":["GET"]}}],"collection":[{"href":"https:\/\/ferragenspereira.pt\/index.php?rest_route=\/wp\/v2\/product"}],"about":[{"href":"https:\/\/ferragenspereira.pt\/index.php?rest_route=\/wp\/v2\/types\/product"}],"wp:featuredmedia":[{"embeddable":true,"href":"https:\/\/ferragenspereira.pt\/index.php?rest_route=\/wp\/v2\/media\/680"}],"wp:attachment":[{"href":"https:\/\/ferragenspereira.pt\/index.php?rest_route=%2Fwp%2Fv2%2Fmedia&parent=596"}],"wp:term":[{"taxonomy":"product_cat","embeddable":true,"href":"https:\/\/ferragenspereira.pt\/index.php?rest_route=%2Fwp%2Fv2%2Fproduct_cat&post=596"},{"taxonomy":"product_tag","embeddable":true,"href":"https:\/\/ferragenspereira.pt\/index.php?rest_route=%2Fwp%2Fv2%2Fproduct_tag&post=596"}],"curies":[{"name":"wp","href":"https:\/\/api.w.org\/{rel}","templated":true}]}}