{"id":595,"date":"2025-05-16T16:45:44","date_gmt":"2025-05-16T16:45:44","guid":{"rendered":"https:\/\/ferragenspereira.pt\/?product=8199665"},"modified":"2025-05-19T15:35:43","modified_gmt":"2025-05-19T15:35:43","slug":"8199665","status":"publish","type":"product","link":"https:\/\/ferragenspereira.pt\/?product=8199665","title":{"rendered":"BALDE LIXO ENCASTRAR 6LT D240mm H220mm"},"content":{"rendered":"<p>Pr\u00e1tica lixeira embutida para bancada de cozinha com tampa e capacidade de 5L.<\/p>\n<p>Altura do recipiente: 220 mm. Requer um v\u00e3o interno m\u00ednimo de 250 mm.<\/p>\n<p>Di\u00e2metro do anel externo: \u00d8240mm. \u00c9 necess\u00e1ria uma usinagem pr\u00e9via na bancada de 210mm de di\u00e2metro.<\/p>\n<p>Os an\u00e9is garantem a estabilidade da ca\u00e7amba e permitem colocar e segurar os sacos de lixo com facilidade.<\/p>\n<p>Fabricado em pl\u00e1stico azul e a\u00e7o inoxid\u00e1vel.<\/p>\n","protected":false},"excerpt":{"rendered":"<p>Pr\u00e1tica lixeira embutida para bancada de cozinha com tampa e capacidade de 5L. Altura do recipiente: 220 mm. Requer um v\u00e3o interno m\u00ednimo de 250 mm. Di\u00e2metro do anel externo: \u00d8240mm. \u00c9 necess\u00e1ria uma usinagem pr\u00e9via na bancada de 210mm de di\u00e2metro. Os an\u00e9is garantem a estabilidade da ca\u00e7amba e permitem colocar e segurar os [&hellip;]<\/p>\n","protected":false},"featured_media":666,"template":"","meta":{"iawp_total_views":3},"product_cat":[37],"product_tag":[],"class_list":{"0":"post-595","1":"product","2":"type-product","3":"status-publish","4":"has-post-thumbnail","6":"product_cat-baldes-do-lixo","8":"first","9":"instock","10":"taxable","11":"shipping-taxable","12":"purchasable","13":"product-type-simple","14":"berocket_lgv_grid","15":"berocket_lgv_list_grid"},"yoast_head":"<!-- This site is optimized with the Yoast SEO plugin v22.5 - https:\/\/yoast.com\/wordpress\/plugins\/seo\/ -->\n<title>BALDE LIXO ENCASTRAR 6LT D240mm H220mm -<\/title>\n<meta name=\"robots\" content=\"index, follow, max-snippet:-1, max-image-preview:large, max-video-preview:-1\" \/>\n<link rel=\"canonical\" href=\"https:\/\/ferragenspereira.pt\/?product=8199665\" \/>\n<meta property=\"og:locale\" content=\"pt_PT\" \/>\n<meta property=\"og:type\" content=\"article\" \/>\n<meta property=\"og:title\" content=\"BALDE LIXO ENCASTRAR 6LT D240mm H220mm -\" \/>\n<meta property=\"og:description\" content=\"Pr\u00e1tica lixeira embutida para bancada de cozinha com tampa e capacidade de 5L. Altura do recipiente: 220 mm. Requer um v\u00e3o interno m\u00ednimo de 250 mm. Di\u00e2metro do anel externo: \u00d8240mm. \u00c9 necess\u00e1ria uma usinagem pr\u00e9via na bancada de 210mm de di\u00e2metro. Os an\u00e9is garantem a estabilidade da ca\u00e7amba e permitem colocar e segurar os [&hellip;]\" \/>\n<meta property=\"og:url\" content=\"https:\/\/ferragenspereira.pt\/?product=8199665\" \/>\n<meta property=\"article:modified_time\" content=\"2025-05-19T15:35:43+00:00\" \/>\n<meta property=\"og:image\" content=\"https:\/\/ferragenspereira.pt\/wp-content\/uploads\/2025\/05\/8199665.png\" \/>\n\t<meta property=\"og:image:width\" content=\"547\" \/>\n\t<meta property=\"og:image:height\" content=\"654\" \/>\n\t<meta property=\"og:image:type\" content=\"image\/png\" \/>\n<meta name=\"twitter:card\" content=\"summary_large_image\" \/>\n<meta name=\"twitter:label1\" content=\"Tempo estimado de leitura\" \/>\n\t<meta name=\"twitter:data1\" content=\"1 minuto\" \/>\n<script type=\"application\/ld+json\" class=\"yoast-schema-graph\">{\"@context\":\"https:\/\/schema.org\",\"@graph\":[{\"@type\":\"WebPage\",\"@id\":\"https:\/\/ferragenspereira.pt\/?product=8199665\",\"url\":\"https:\/\/ferragenspereira.pt\/?product=8199665\",\"name\":\"BALDE LIXO ENCASTRAR 6LT D240mm H220mm -\",\"isPartOf\":{\"@id\":\"https:\/\/ferragenspereira.pt\/#website\"},\"primaryImageOfPage\":{\"@id\":\"https:\/\/ferragenspereira.pt\/?product=8199665#primaryimage\"},\"image\":{\"@id\":\"https:\/\/ferragenspereira.pt\/?product=8199665#primaryimage\"},\"thumbnailUrl\":\"https:\/\/ferragenspereira.pt\/wp-content\/uploads\/2025\/05\/8199665.png\",\"datePublished\":\"2025-05-16T16:45:44+00:00\",\"dateModified\":\"2025-05-19T15:35:43+00:00\",\"breadcrumb\":{\"@id\":\"https:\/\/ferragenspereira.pt\/?product=8199665#breadcrumb\"},\"inLanguage\":\"pt-PT\",\"potentialAction\":[{\"@type\":\"ReadAction\",\"target\":[\"https:\/\/ferragenspereira.pt\/?product=8199665\"]}]},{\"@type\":\"ImageObject\",\"inLanguage\":\"pt-PT\",\"@id\":\"https:\/\/ferragenspereira.pt\/?product=8199665#primaryimage\",\"url\":\"https:\/\/ferragenspereira.pt\/wp-content\/uploads\/2025\/05\/8199665.png\",\"contentUrl\":\"https:\/\/ferragenspereira.pt\/wp-content\/uploads\/2025\/05\/8199665.png\",\"width\":547,\"height\":654},{\"@type\":\"BreadcrumbList\",\"@id\":\"https:\/\/ferragenspereira.pt\/?product=8199665#breadcrumb\",\"itemListElement\":[{\"@type\":\"ListItem\",\"position\":1,\"name\":\"In\u00edcio\",\"item\":\"https:\/\/ferragenspereira.pt\/\"},{\"@type\":\"ListItem\",\"position\":2,\"name\":\"Loja\",\"item\":\"https:\/\/ferragenspereira.pt\/?page_id=42\"},{\"@type\":\"ListItem\",\"position\":3,\"name\":\"BALDE LIXO ENCASTRAR 6LT D240mm H220mm\"}]},{\"@type\":\"WebSite\",\"@id\":\"https:\/\/ferragenspereira.pt\/#website\",\"url\":\"https:\/\/ferragenspereira.pt\/\",\"name\":\"Ferragens Pereira Lda\",\"description\":\"\",\"publisher\":{\"@id\":\"https:\/\/ferragenspereira.pt\/#organization\"},\"potentialAction\":[{\"@type\":\"SearchAction\",\"target\":{\"@type\":\"EntryPoint\",\"urlTemplate\":\"https:\/\/ferragenspereira.pt\/?s={search_term_string}\"},\"query-input\":\"required name=search_term_string\"}],\"inLanguage\":\"pt-PT\"},{\"@type\":\"Organization\",\"@id\":\"https:\/\/ferragenspereira.pt\/#organization\",\"name\":\"Ferragens Pereira Lda\",\"url\":\"https:\/\/ferragenspereira.pt\/\",\"logo\":{\"@type\":\"ImageObject\",\"inLanguage\":\"pt-PT\",\"@id\":\"https:\/\/ferragenspereira.pt\/#\/schema\/logo\/image\/\",\"url\":\"https:\/\/ferragenspereira.pt\/wp-content\/uploads\/2024\/04\/cropped-Logo.jpg\",\"contentUrl\":\"https:\/\/ferragenspereira.pt\/wp-content\/uploads\/2024\/04\/cropped-Logo.jpg\",\"width\":898,\"height\":817,\"caption\":\"Ferragens Pereira Lda\"},\"image\":{\"@id\":\"https:\/\/ferragenspereira.pt\/#\/schema\/logo\/image\/\"}}]}<\/script>\n<!-- \/ Yoast SEO plugin. -->","yoast_head_json":{"title":"BALDE LIXO ENCASTRAR 6LT D240mm H220mm -","robots":{"index":"index","follow":"follow","max-snippet":"max-snippet:-1","max-image-preview":"max-image-preview:large","max-video-preview":"max-video-preview:-1"},"canonical":"https:\/\/ferragenspereira.pt\/?product=8199665","og_locale":"pt_PT","og_type":"article","og_title":"BALDE LIXO ENCASTRAR 6LT D240mm H220mm -","og_description":"Pr\u00e1tica lixeira embutida para bancada de cozinha com tampa e capacidade de 5L. Altura do recipiente: 220 mm. Requer um v\u00e3o interno m\u00ednimo de 250 mm. Di\u00e2metro do anel externo: \u00d8240mm. \u00c9 necess\u00e1ria uma usinagem pr\u00e9via na bancada de 210mm de di\u00e2metro. Os an\u00e9is garantem a estabilidade da ca\u00e7amba e permitem colocar e segurar os [&hellip;]","og_url":"https:\/\/ferragenspereira.pt\/?product=8199665","article_modified_time":"2025-05-19T15:35:43+00:00","og_image":[{"width":547,"height":654,"url":"https:\/\/ferragenspereira.pt\/wp-content\/uploads\/2025\/05\/8199665.png","type":"image\/png"}],"twitter_card":"summary_large_image","twitter_misc":{"Tempo estimado de leitura":"1 minuto"},"schema":{"@context":"https:\/\/schema.org","@graph":[{"@type":"WebPage","@id":"https:\/\/ferragenspereira.pt\/?product=8199665","url":"https:\/\/ferragenspereira.pt\/?product=8199665","name":"BALDE LIXO ENCASTRAR 6LT D240mm H220mm -","isPartOf":{"@id":"https:\/\/ferragenspereira.pt\/#website"},"primaryImageOfPage":{"@id":"https:\/\/ferragenspereira.pt\/?product=8199665#primaryimage"},"image":{"@id":"https:\/\/ferragenspereira.pt\/?product=8199665#primaryimage"},"thumbnailUrl":"https:\/\/ferragenspereira.pt\/wp-content\/uploads\/2025\/05\/8199665.png","datePublished":"2025-05-16T16:45:44+00:00","dateModified":"2025-05-19T15:35:43+00:00","breadcrumb":{"@id":"https:\/\/ferragenspereira.pt\/?product=8199665#breadcrumb"},"inLanguage":"pt-PT","potentialAction":[{"@type":"ReadAction","target":["https:\/\/ferragenspereira.pt\/?product=8199665"]}]},{"@type":"ImageObject","inLanguage":"pt-PT","@id":"https:\/\/ferragenspereira.pt\/?product=8199665#primaryimage","url":"https:\/\/ferragenspereira.pt\/wp-content\/uploads\/2025\/05\/8199665.png","contentUrl":"https:\/\/ferragenspereira.pt\/wp-content\/uploads\/2025\/05\/8199665.png","width":547,"height":654},{"@type":"BreadcrumbList","@id":"https:\/\/ferragenspereira.pt\/?product=8199665#breadcrumb","itemListElement":[{"@type":"ListItem","position":1,"name":"In\u00edcio","item":"https:\/\/ferragenspereira.pt\/"},{"@type":"ListItem","position":2,"name":"Loja","item":"https:\/\/ferragenspereira.pt\/?page_id=42"},{"@type":"ListItem","position":3,"name":"BALDE LIXO ENCASTRAR 6LT D240mm H220mm"}]},{"@type":"WebSite","@id":"https:\/\/ferragenspereira.pt\/#website","url":"https:\/\/ferragenspereira.pt\/","name":"Ferragens Pereira Lda","description":"","publisher":{"@id":"https:\/\/ferragenspereira.pt\/#organization"},"potentialAction":[{"@type":"SearchAction","target":{"@type":"EntryPoint","urlTemplate":"https:\/\/ferragenspereira.pt\/?s={search_term_string}"},"query-input":"required name=search_term_string"}],"inLanguage":"pt-PT"},{"@type":"Organization","@id":"https:\/\/ferragenspereira.pt\/#organization","name":"Ferragens Pereira Lda","url":"https:\/\/ferragenspereira.pt\/","logo":{"@type":"ImageObject","inLanguage":"pt-PT","@id":"https:\/\/ferragenspereira.pt\/#\/schema\/logo\/image\/","url":"https:\/\/ferragenspereira.pt\/wp-content\/uploads\/2024\/04\/cropped-Logo.jpg","contentUrl":"https:\/\/ferragenspereira.pt\/wp-content\/uploads\/2024\/04\/cropped-Logo.jpg","width":898,"height":817,"caption":"Ferragens Pereira Lda"},"image":{"@id":"https:\/\/ferragenspereira.pt\/#\/schema\/logo\/image\/"}}]}},"_links":{"self":[{"href":"https:\/\/ferragenspereira.pt\/index.php?rest_route=\/wp\/v2\/product\/595","targetHints":{"allow":["GET"]}}],"collection":[{"href":"https:\/\/ferragenspereira.pt\/index.php?rest_route=\/wp\/v2\/product"}],"about":[{"href":"https:\/\/ferragenspereira.pt\/index.php?rest_route=\/wp\/v2\/types\/product"}],"wp:featuredmedia":[{"embeddable":true,"href":"https:\/\/ferragenspereira.pt\/index.php?rest_route=\/wp\/v2\/media\/666"}],"wp:attachment":[{"href":"https:\/\/ferragenspereira.pt\/index.php?rest_route=%2Fwp%2Fv2%2Fmedia&parent=595"}],"wp:term":[{"taxonomy":"product_cat","embeddable":true,"href":"https:\/\/ferragenspereira.pt\/index.php?rest_route=%2Fwp%2Fv2%2Fproduct_cat&post=595"},{"taxonomy":"product_tag","embeddable":true,"href":"https:\/\/ferragenspereira.pt\/index.php?rest_route=%2Fwp%2Fv2%2Fproduct_tag&post=595"}],"curies":[{"name":"wp","href":"https:\/\/api.w.org\/{rel}","templated":true}]}}