{"id":594,"date":"2025-05-16T16:45:44","date_gmt":"2025-05-16T16:45:44","guid":{"rendered":"https:\/\/ferragenspereira.pt\/?product=7226219005"},"modified":"2025-05-19T15:41:08","modified_gmt":"2025-05-19T15:41:08","slug":"7226219005","status":"publish","type":"product","link":"https:\/\/ferragenspereira.pt\/?product=7226219005","title":{"rendered":"BALDE LIXO EKKO 9005"},"content":{"rendered":"<p class=\"\" data-start=\"86\" data-end=\"179\"><strong data-start=\"86\" data-end=\"179\">Organize com Eleg\u00e2ncia e Efici\u00eancia \u2013 Sistema de Lixeiras Embutidas com Trilho Deslizante<\/strong><\/p>\n<p class=\"\" data-start=\"181\" data-end=\"606\">Otimize o espa\u00e7o da sua cozinha com este moderno sistema de reciclagem embutidas! Equipado com corredi\u00e7as met\u00e1licas deslizantes de alta durabilidade, o conjunto conta com tr\u00eas lixeiras remov\u00edveis ideais para separa\u00e7\u00e3o de res\u00edduos recicl\u00e1veis e org\u00e2nicos. A tampa superior fixa ajuda a conter odores, enquanto o design retr\u00e1til mant\u00e9m o ambiente limpo e discreto. Perfeito para arm\u00e1rios de cozinha, lavanderias ou \u00e1reas de servi\u00e7o.<\/p>\n<p class=\"\" data-start=\"608\" data-end=\"715\">Estrutura resistente<br data-start=\"630\" data-end=\"633\" \/>F\u00e1cil instala\u00e7\u00e3o e uso<br data-start=\"657\" data-end=\"660\" \/>Ideal para reciclagem<\/p>\n<p class=\"\" data-start=\"717\" data-end=\"779\">Transforme sua rotina com mais praticidade e sustentabilidade!<\/p>\n","protected":false},"excerpt":{"rendered":"<p>Organize com Eleg\u00e2ncia e Efici\u00eancia \u2013 Sistema de Lixeiras Embutidas com Trilho Deslizante Otimize o espa\u00e7o da sua cozinha com este moderno sistema de reciclagem embutidas! Equipado com corredi\u00e7as met\u00e1licas deslizantes de alta durabilidade, o conjunto conta com tr\u00eas lixeiras remov\u00edveis ideais para separa\u00e7\u00e3o de res\u00edduos recicl\u00e1veis e org\u00e2nicos. A tampa superior fixa ajuda a [&hellip;]<\/p>\n","protected":false},"featured_media":669,"template":"","meta":{"iawp_total_views":1},"product_cat":[37],"product_tag":[],"class_list":{"0":"post-594","1":"product","2":"type-product","3":"status-publish","4":"has-post-thumbnail","6":"product_cat-baldes-do-lixo","8":"first","9":"instock","10":"taxable","11":"shipping-taxable","12":"purchasable","13":"product-type-simple","14":"berocket_lgv_grid","15":"berocket_lgv_list_grid"},"yoast_head":"<!-- This site is optimized with the Yoast SEO plugin v22.5 - https:\/\/yoast.com\/wordpress\/plugins\/seo\/ -->\n<title>BALDE LIXO EKKO 9005 -<\/title>\n<meta name=\"robots\" content=\"index, follow, max-snippet:-1, max-image-preview:large, max-video-preview:-1\" \/>\n<link rel=\"canonical\" href=\"https:\/\/ferragenspereira.pt\/?product=7226219005\" \/>\n<meta property=\"og:locale\" content=\"pt_PT\" \/>\n<meta property=\"og:type\" content=\"article\" \/>\n<meta property=\"og:title\" content=\"BALDE LIXO EKKO 9005 -\" \/>\n<meta property=\"og:description\" content=\"Organize com Eleg\u00e2ncia e Efici\u00eancia \u2013 Sistema de Lixeiras Embutidas com Trilho Deslizante Otimize o espa\u00e7o da sua cozinha com este moderno sistema de reciclagem embutidas! Equipado com corredi\u00e7as met\u00e1licas deslizantes de alta durabilidade, o conjunto conta com tr\u00eas lixeiras remov\u00edveis ideais para separa\u00e7\u00e3o de res\u00edduos recicl\u00e1veis e org\u00e2nicos. A tampa superior fixa ajuda a [&hellip;]\" \/>\n<meta property=\"og:url\" content=\"https:\/\/ferragenspereira.pt\/?product=7226219005\" \/>\n<meta property=\"article:modified_time\" content=\"2025-05-19T15:41:08+00:00\" \/>\n<meta property=\"og:image\" content=\"https:\/\/ferragenspereira.pt\/wp-content\/uploads\/2025\/05\/7226219005.png\" \/>\n\t<meta property=\"og:image:width\" content=\"772\" \/>\n\t<meta property=\"og:image:height\" content=\"847\" \/>\n\t<meta property=\"og:image:type\" content=\"image\/png\" \/>\n<meta name=\"twitter:card\" content=\"summary_large_image\" \/>\n<meta name=\"twitter:label1\" content=\"Tempo estimado de leitura\" \/>\n\t<meta name=\"twitter:data1\" content=\"1 minuto\" \/>\n<script type=\"application\/ld+json\" class=\"yoast-schema-graph\">{\"@context\":\"https:\/\/schema.org\",\"@graph\":[{\"@type\":\"WebPage\",\"@id\":\"https:\/\/ferragenspereira.pt\/?product=7226219005\",\"url\":\"https:\/\/ferragenspereira.pt\/?product=7226219005\",\"name\":\"BALDE LIXO EKKO 9005 -\",\"isPartOf\":{\"@id\":\"https:\/\/ferragenspereira.pt\/#website\"},\"primaryImageOfPage\":{\"@id\":\"https:\/\/ferragenspereira.pt\/?product=7226219005#primaryimage\"},\"image\":{\"@id\":\"https:\/\/ferragenspereira.pt\/?product=7226219005#primaryimage\"},\"thumbnailUrl\":\"https:\/\/ferragenspereira.pt\/wp-content\/uploads\/2025\/05\/7226219005.png\",\"datePublished\":\"2025-05-16T16:45:44+00:00\",\"dateModified\":\"2025-05-19T15:41:08+00:00\",\"breadcrumb\":{\"@id\":\"https:\/\/ferragenspereira.pt\/?product=7226219005#breadcrumb\"},\"inLanguage\":\"pt-PT\",\"potentialAction\":[{\"@type\":\"ReadAction\",\"target\":[\"https:\/\/ferragenspereira.pt\/?product=7226219005\"]}]},{\"@type\":\"ImageObject\",\"inLanguage\":\"pt-PT\",\"@id\":\"https:\/\/ferragenspereira.pt\/?product=7226219005#primaryimage\",\"url\":\"https:\/\/ferragenspereira.pt\/wp-content\/uploads\/2025\/05\/7226219005.png\",\"contentUrl\":\"https:\/\/ferragenspereira.pt\/wp-content\/uploads\/2025\/05\/7226219005.png\",\"width\":772,\"height\":847},{\"@type\":\"BreadcrumbList\",\"@id\":\"https:\/\/ferragenspereira.pt\/?product=7226219005#breadcrumb\",\"itemListElement\":[{\"@type\":\"ListItem\",\"position\":1,\"name\":\"In\u00edcio\",\"item\":\"https:\/\/ferragenspereira.pt\/\"},{\"@type\":\"ListItem\",\"position\":2,\"name\":\"Loja\",\"item\":\"https:\/\/ferragenspereira.pt\/?page_id=42\"},{\"@type\":\"ListItem\",\"position\":3,\"name\":\"BALDE LIXO EKKO 9005\"}]},{\"@type\":\"WebSite\",\"@id\":\"https:\/\/ferragenspereira.pt\/#website\",\"url\":\"https:\/\/ferragenspereira.pt\/\",\"name\":\"Ferragens Pereira Lda\",\"description\":\"\",\"publisher\":{\"@id\":\"https:\/\/ferragenspereira.pt\/#organization\"},\"potentialAction\":[{\"@type\":\"SearchAction\",\"target\":{\"@type\":\"EntryPoint\",\"urlTemplate\":\"https:\/\/ferragenspereira.pt\/?s={search_term_string}\"},\"query-input\":\"required name=search_term_string\"}],\"inLanguage\":\"pt-PT\"},{\"@type\":\"Organization\",\"@id\":\"https:\/\/ferragenspereira.pt\/#organization\",\"name\":\"Ferragens Pereira Lda\",\"url\":\"https:\/\/ferragenspereira.pt\/\",\"logo\":{\"@type\":\"ImageObject\",\"inLanguage\":\"pt-PT\",\"@id\":\"https:\/\/ferragenspereira.pt\/#\/schema\/logo\/image\/\",\"url\":\"https:\/\/ferragenspereira.pt\/wp-content\/uploads\/2024\/04\/cropped-Logo.jpg\",\"contentUrl\":\"https:\/\/ferragenspereira.pt\/wp-content\/uploads\/2024\/04\/cropped-Logo.jpg\",\"width\":898,\"height\":817,\"caption\":\"Ferragens Pereira Lda\"},\"image\":{\"@id\":\"https:\/\/ferragenspereira.pt\/#\/schema\/logo\/image\/\"}}]}<\/script>\n<!-- \/ Yoast SEO plugin. -->","yoast_head_json":{"title":"BALDE LIXO EKKO 9005 -","robots":{"index":"index","follow":"follow","max-snippet":"max-snippet:-1","max-image-preview":"max-image-preview:large","max-video-preview":"max-video-preview:-1"},"canonical":"https:\/\/ferragenspereira.pt\/?product=7226219005","og_locale":"pt_PT","og_type":"article","og_title":"BALDE LIXO EKKO 9005 -","og_description":"Organize com Eleg\u00e2ncia e Efici\u00eancia \u2013 Sistema de Lixeiras Embutidas com Trilho Deslizante Otimize o espa\u00e7o da sua cozinha com este moderno sistema de reciclagem embutidas! Equipado com corredi\u00e7as met\u00e1licas deslizantes de alta durabilidade, o conjunto conta com tr\u00eas lixeiras remov\u00edveis ideais para separa\u00e7\u00e3o de res\u00edduos recicl\u00e1veis e org\u00e2nicos. A tampa superior fixa ajuda a [&hellip;]","og_url":"https:\/\/ferragenspereira.pt\/?product=7226219005","article_modified_time":"2025-05-19T15:41:08+00:00","og_image":[{"width":772,"height":847,"url":"https:\/\/ferragenspereira.pt\/wp-content\/uploads\/2025\/05\/7226219005.png","type":"image\/png"}],"twitter_card":"summary_large_image","twitter_misc":{"Tempo estimado de leitura":"1 minuto"},"schema":{"@context":"https:\/\/schema.org","@graph":[{"@type":"WebPage","@id":"https:\/\/ferragenspereira.pt\/?product=7226219005","url":"https:\/\/ferragenspereira.pt\/?product=7226219005","name":"BALDE LIXO EKKO 9005 -","isPartOf":{"@id":"https:\/\/ferragenspereira.pt\/#website"},"primaryImageOfPage":{"@id":"https:\/\/ferragenspereira.pt\/?product=7226219005#primaryimage"},"image":{"@id":"https:\/\/ferragenspereira.pt\/?product=7226219005#primaryimage"},"thumbnailUrl":"https:\/\/ferragenspereira.pt\/wp-content\/uploads\/2025\/05\/7226219005.png","datePublished":"2025-05-16T16:45:44+00:00","dateModified":"2025-05-19T15:41:08+00:00","breadcrumb":{"@id":"https:\/\/ferragenspereira.pt\/?product=7226219005#breadcrumb"},"inLanguage":"pt-PT","potentialAction":[{"@type":"ReadAction","target":["https:\/\/ferragenspereira.pt\/?product=7226219005"]}]},{"@type":"ImageObject","inLanguage":"pt-PT","@id":"https:\/\/ferragenspereira.pt\/?product=7226219005#primaryimage","url":"https:\/\/ferragenspereira.pt\/wp-content\/uploads\/2025\/05\/7226219005.png","contentUrl":"https:\/\/ferragenspereira.pt\/wp-content\/uploads\/2025\/05\/7226219005.png","width":772,"height":847},{"@type":"BreadcrumbList","@id":"https:\/\/ferragenspereira.pt\/?product=7226219005#breadcrumb","itemListElement":[{"@type":"ListItem","position":1,"name":"In\u00edcio","item":"https:\/\/ferragenspereira.pt\/"},{"@type":"ListItem","position":2,"name":"Loja","item":"https:\/\/ferragenspereira.pt\/?page_id=42"},{"@type":"ListItem","position":3,"name":"BALDE LIXO EKKO 9005"}]},{"@type":"WebSite","@id":"https:\/\/ferragenspereira.pt\/#website","url":"https:\/\/ferragenspereira.pt\/","name":"Ferragens Pereira Lda","description":"","publisher":{"@id":"https:\/\/ferragenspereira.pt\/#organization"},"potentialAction":[{"@type":"SearchAction","target":{"@type":"EntryPoint","urlTemplate":"https:\/\/ferragenspereira.pt\/?s={search_term_string}"},"query-input":"required name=search_term_string"}],"inLanguage":"pt-PT"},{"@type":"Organization","@id":"https:\/\/ferragenspereira.pt\/#organization","name":"Ferragens Pereira Lda","url":"https:\/\/ferragenspereira.pt\/","logo":{"@type":"ImageObject","inLanguage":"pt-PT","@id":"https:\/\/ferragenspereira.pt\/#\/schema\/logo\/image\/","url":"https:\/\/ferragenspereira.pt\/wp-content\/uploads\/2024\/04\/cropped-Logo.jpg","contentUrl":"https:\/\/ferragenspereira.pt\/wp-content\/uploads\/2024\/04\/cropped-Logo.jpg","width":898,"height":817,"caption":"Ferragens Pereira Lda"},"image":{"@id":"https:\/\/ferragenspereira.pt\/#\/schema\/logo\/image\/"}}]}},"_links":{"self":[{"href":"https:\/\/ferragenspereira.pt\/index.php?rest_route=\/wp\/v2\/product\/594","targetHints":{"allow":["GET"]}}],"collection":[{"href":"https:\/\/ferragenspereira.pt\/index.php?rest_route=\/wp\/v2\/product"}],"about":[{"href":"https:\/\/ferragenspereira.pt\/index.php?rest_route=\/wp\/v2\/types\/product"}],"wp:featuredmedia":[{"embeddable":true,"href":"https:\/\/ferragenspereira.pt\/index.php?rest_route=\/wp\/v2\/media\/669"}],"wp:attachment":[{"href":"https:\/\/ferragenspereira.pt\/index.php?rest_route=%2Fwp%2Fv2%2Fmedia&parent=594"}],"wp:term":[{"taxonomy":"product_cat","embeddable":true,"href":"https:\/\/ferragenspereira.pt\/index.php?rest_route=%2Fwp%2Fv2%2Fproduct_cat&post=594"},{"taxonomy":"product_tag","embeddable":true,"href":"https:\/\/ferragenspereira.pt\/index.php?rest_route=%2Fwp%2Fv2%2Fproduct_tag&post=594"}],"curies":[{"name":"wp","href":"https:\/\/api.w.org\/{rel}","templated":true}]}}