{"id":587,"date":"2025-05-16T16:45:43","date_gmt":"2025-05-16T16:45:43","guid":{"rendered":"https:\/\/ferragenspereira.pt\/?product=0111ev580460b"},"modified":"2025-05-19T14:31:26","modified_gmt":"2025-05-19T14:31:26","slug":"0111ev580460b","status":"publish","type":"product","link":"https:\/\/ferragenspereira.pt\/?product=0111ev580460b","title":{"rendered":"BALDE LIXO 580 EVOLINE &#8211; 460B MOD.60 (2x17L+2x8L)"},"content":{"rendered":"<p>Sistema de baldes com tampa met\u00e1lica inclu\u00edda que permite a coloca\u00e7\u00e3o de pequenos objectos, como esponjas, luvas ou outros acess\u00f3rios.<br \/>\nSoft-close.<br \/>\nArma\u00e7\u00e3o de metal.<\/p>\n","protected":false},"excerpt":{"rendered":"<p><img fetchpriority=\"high\" decoding=\"async\" class=\"alignnone size-medium wp-image-641\" src=\"https:\/\/ferragenspereira.pt\/wp-content\/uploads\/2025\/05\/BALDE-LIXO-580-EVOLINE-460B-MOD.60-2x17L2x8L-265x300.png\" alt=\"\" width=\"265\" height=\"300\" srcset=\"https:\/\/ferragenspereira.pt\/wp-content\/uploads\/2025\/05\/BALDE-LIXO-580-EVOLINE-460B-MOD.60-2x17L2x8L-265x300.png 265w, https:\/\/ferragenspereira.pt\/wp-content\/uploads\/2025\/05\/BALDE-LIXO-580-EVOLINE-460B-MOD.60-2x17L2x8L-600x679.png 600w, https:\/\/ferragenspereira.pt\/wp-content\/uploads\/2025\/05\/BALDE-LIXO-580-EVOLINE-460B-MOD.60-2x17L2x8L.png 661w\" sizes=\"(max-width: 265px) 100vw, 265px\" \/><\/p>\n","protected":false},"featured_media":640,"template":"","meta":{"iawp_total_views":2},"product_cat":[15,37],"product_tag":[],"class_list":{"0":"post-587","1":"product","2":"type-product","3":"status-publish","4":"has-post-thumbnail","6":"product_cat-outros","7":"product_cat-baldes-do-lixo","9":"first","10":"instock","11":"taxable","12":"shipping-taxable","13":"purchasable","14":"product-type-simple","15":"berocket_lgv_grid","16":"berocket_lgv_list_grid"},"yoast_head":"<!-- This site is optimized with the Yoast SEO plugin v22.5 - https:\/\/yoast.com\/wordpress\/plugins\/seo\/ -->\n<title>BALDE LIXO 580 EVOLINE - 460B MOD.60 (2x17L+2x8L) -<\/title>\n<meta name=\"robots\" content=\"index, follow, max-snippet:-1, max-image-preview:large, max-video-preview:-1\" \/>\n<link rel=\"canonical\" href=\"https:\/\/ferragenspereira.pt\/?product=0111ev580460b\" \/>\n<meta property=\"og:locale\" content=\"pt_PT\" \/>\n<meta property=\"og:type\" content=\"article\" \/>\n<meta property=\"og:title\" content=\"BALDE LIXO 580 EVOLINE - 460B MOD.60 (2x17L+2x8L) -\" \/>\n<meta property=\"og:url\" content=\"https:\/\/ferragenspereira.pt\/?product=0111ev580460b\" \/>\n<meta property=\"article:modified_time\" content=\"2025-05-19T14:31:26+00:00\" \/>\n<meta property=\"og:image\" content=\"https:\/\/ferragenspereira.pt\/wp-content\/uploads\/2025\/05\/0111EV580460B.png\" \/>\n\t<meta property=\"og:image:width\" content=\"821\" \/>\n\t<meta property=\"og:image:height\" content=\"787\" \/>\n\t<meta property=\"og:image:type\" content=\"image\/png\" \/>\n<meta name=\"twitter:card\" content=\"summary_large_image\" \/>\n<meta name=\"twitter:label1\" content=\"Tempo estimado de leitura\" \/>\n\t<meta name=\"twitter:data1\" content=\"1 minuto\" \/>\n<script type=\"application\/ld+json\" class=\"yoast-schema-graph\">{\"@context\":\"https:\/\/schema.org\",\"@graph\":[{\"@type\":\"WebPage\",\"@id\":\"https:\/\/ferragenspereira.pt\/?product=0111ev580460b\",\"url\":\"https:\/\/ferragenspereira.pt\/?product=0111ev580460b\",\"name\":\"BALDE LIXO 580 EVOLINE - 460B MOD.60 (2x17L+2x8L) -\",\"isPartOf\":{\"@id\":\"https:\/\/ferragenspereira.pt\/#website\"},\"primaryImageOfPage\":{\"@id\":\"https:\/\/ferragenspereira.pt\/?product=0111ev580460b#primaryimage\"},\"image\":{\"@id\":\"https:\/\/ferragenspereira.pt\/?product=0111ev580460b#primaryimage\"},\"thumbnailUrl\":\"https:\/\/ferragenspereira.pt\/wp-content\/uploads\/2025\/05\/0111EV580460B.png\",\"datePublished\":\"2025-05-16T16:45:43+00:00\",\"dateModified\":\"2025-05-19T14:31:26+00:00\",\"breadcrumb\":{\"@id\":\"https:\/\/ferragenspereira.pt\/?product=0111ev580460b#breadcrumb\"},\"inLanguage\":\"pt-PT\",\"potentialAction\":[{\"@type\":\"ReadAction\",\"target\":[\"https:\/\/ferragenspereira.pt\/?product=0111ev580460b\"]}]},{\"@type\":\"ImageObject\",\"inLanguage\":\"pt-PT\",\"@id\":\"https:\/\/ferragenspereira.pt\/?product=0111ev580460b#primaryimage\",\"url\":\"https:\/\/ferragenspereira.pt\/wp-content\/uploads\/2025\/05\/0111EV580460B.png\",\"contentUrl\":\"https:\/\/ferragenspereira.pt\/wp-content\/uploads\/2025\/05\/0111EV580460B.png\",\"width\":821,\"height\":787},{\"@type\":\"BreadcrumbList\",\"@id\":\"https:\/\/ferragenspereira.pt\/?product=0111ev580460b#breadcrumb\",\"itemListElement\":[{\"@type\":\"ListItem\",\"position\":1,\"name\":\"In\u00edcio\",\"item\":\"https:\/\/ferragenspereira.pt\/\"},{\"@type\":\"ListItem\",\"position\":2,\"name\":\"Loja\",\"item\":\"https:\/\/ferragenspereira.pt\/?page_id=42\"},{\"@type\":\"ListItem\",\"position\":3,\"name\":\"BALDE LIXO 580 EVOLINE &#8211; 460B MOD.60 (2x17L+2x8L)\"}]},{\"@type\":\"WebSite\",\"@id\":\"https:\/\/ferragenspereira.pt\/#website\",\"url\":\"https:\/\/ferragenspereira.pt\/\",\"name\":\"Ferragens Pereira Lda\",\"description\":\"\",\"publisher\":{\"@id\":\"https:\/\/ferragenspereira.pt\/#organization\"},\"potentialAction\":[{\"@type\":\"SearchAction\",\"target\":{\"@type\":\"EntryPoint\",\"urlTemplate\":\"https:\/\/ferragenspereira.pt\/?s={search_term_string}\"},\"query-input\":\"required name=search_term_string\"}],\"inLanguage\":\"pt-PT\"},{\"@type\":\"Organization\",\"@id\":\"https:\/\/ferragenspereira.pt\/#organization\",\"name\":\"Ferragens Pereira Lda\",\"url\":\"https:\/\/ferragenspereira.pt\/\",\"logo\":{\"@type\":\"ImageObject\",\"inLanguage\":\"pt-PT\",\"@id\":\"https:\/\/ferragenspereira.pt\/#\/schema\/logo\/image\/\",\"url\":\"https:\/\/ferragenspereira.pt\/wp-content\/uploads\/2024\/04\/cropped-Logo.jpg\",\"contentUrl\":\"https:\/\/ferragenspereira.pt\/wp-content\/uploads\/2024\/04\/cropped-Logo.jpg\",\"width\":898,\"height\":817,\"caption\":\"Ferragens Pereira Lda\"},\"image\":{\"@id\":\"https:\/\/ferragenspereira.pt\/#\/schema\/logo\/image\/\"}}]}<\/script>\n<!-- \/ Yoast SEO plugin. -->","yoast_head_json":{"title":"BALDE LIXO 580 EVOLINE - 460B MOD.60 (2x17L+2x8L) -","robots":{"index":"index","follow":"follow","max-snippet":"max-snippet:-1","max-image-preview":"max-image-preview:large","max-video-preview":"max-video-preview:-1"},"canonical":"https:\/\/ferragenspereira.pt\/?product=0111ev580460b","og_locale":"pt_PT","og_type":"article","og_title":"BALDE LIXO 580 EVOLINE - 460B MOD.60 (2x17L+2x8L) -","og_url":"https:\/\/ferragenspereira.pt\/?product=0111ev580460b","article_modified_time":"2025-05-19T14:31:26+00:00","og_image":[{"width":821,"height":787,"url":"https:\/\/ferragenspereira.pt\/wp-content\/uploads\/2025\/05\/0111EV580460B.png","type":"image\/png"}],"twitter_card":"summary_large_image","twitter_misc":{"Tempo estimado de leitura":"1 minuto"},"schema":{"@context":"https:\/\/schema.org","@graph":[{"@type":"WebPage","@id":"https:\/\/ferragenspereira.pt\/?product=0111ev580460b","url":"https:\/\/ferragenspereira.pt\/?product=0111ev580460b","name":"BALDE LIXO 580 EVOLINE - 460B MOD.60 (2x17L+2x8L) -","isPartOf":{"@id":"https:\/\/ferragenspereira.pt\/#website"},"primaryImageOfPage":{"@id":"https:\/\/ferragenspereira.pt\/?product=0111ev580460b#primaryimage"},"image":{"@id":"https:\/\/ferragenspereira.pt\/?product=0111ev580460b#primaryimage"},"thumbnailUrl":"https:\/\/ferragenspereira.pt\/wp-content\/uploads\/2025\/05\/0111EV580460B.png","datePublished":"2025-05-16T16:45:43+00:00","dateModified":"2025-05-19T14:31:26+00:00","breadcrumb":{"@id":"https:\/\/ferragenspereira.pt\/?product=0111ev580460b#breadcrumb"},"inLanguage":"pt-PT","potentialAction":[{"@type":"ReadAction","target":["https:\/\/ferragenspereira.pt\/?product=0111ev580460b"]}]},{"@type":"ImageObject","inLanguage":"pt-PT","@id":"https:\/\/ferragenspereira.pt\/?product=0111ev580460b#primaryimage","url":"https:\/\/ferragenspereira.pt\/wp-content\/uploads\/2025\/05\/0111EV580460B.png","contentUrl":"https:\/\/ferragenspereira.pt\/wp-content\/uploads\/2025\/05\/0111EV580460B.png","width":821,"height":787},{"@type":"BreadcrumbList","@id":"https:\/\/ferragenspereira.pt\/?product=0111ev580460b#breadcrumb","itemListElement":[{"@type":"ListItem","position":1,"name":"In\u00edcio","item":"https:\/\/ferragenspereira.pt\/"},{"@type":"ListItem","position":2,"name":"Loja","item":"https:\/\/ferragenspereira.pt\/?page_id=42"},{"@type":"ListItem","position":3,"name":"BALDE LIXO 580 EVOLINE &#8211; 460B MOD.60 (2x17L+2x8L)"}]},{"@type":"WebSite","@id":"https:\/\/ferragenspereira.pt\/#website","url":"https:\/\/ferragenspereira.pt\/","name":"Ferragens Pereira Lda","description":"","publisher":{"@id":"https:\/\/ferragenspereira.pt\/#organization"},"potentialAction":[{"@type":"SearchAction","target":{"@type":"EntryPoint","urlTemplate":"https:\/\/ferragenspereira.pt\/?s={search_term_string}"},"query-input":"required name=search_term_string"}],"inLanguage":"pt-PT"},{"@type":"Organization","@id":"https:\/\/ferragenspereira.pt\/#organization","name":"Ferragens Pereira Lda","url":"https:\/\/ferragenspereira.pt\/","logo":{"@type":"ImageObject","inLanguage":"pt-PT","@id":"https:\/\/ferragenspereira.pt\/#\/schema\/logo\/image\/","url":"https:\/\/ferragenspereira.pt\/wp-content\/uploads\/2024\/04\/cropped-Logo.jpg","contentUrl":"https:\/\/ferragenspereira.pt\/wp-content\/uploads\/2024\/04\/cropped-Logo.jpg","width":898,"height":817,"caption":"Ferragens Pereira Lda"},"image":{"@id":"https:\/\/ferragenspereira.pt\/#\/schema\/logo\/image\/"}}]}},"_links":{"self":[{"href":"https:\/\/ferragenspereira.pt\/index.php?rest_route=\/wp\/v2\/product\/587","targetHints":{"allow":["GET"]}}],"collection":[{"href":"https:\/\/ferragenspereira.pt\/index.php?rest_route=\/wp\/v2\/product"}],"about":[{"href":"https:\/\/ferragenspereira.pt\/index.php?rest_route=\/wp\/v2\/types\/product"}],"wp:featuredmedia":[{"embeddable":true,"href":"https:\/\/ferragenspereira.pt\/index.php?rest_route=\/wp\/v2\/media\/640"}],"wp:attachment":[{"href":"https:\/\/ferragenspereira.pt\/index.php?rest_route=%2Fwp%2Fv2%2Fmedia&parent=587"}],"wp:term":[{"taxonomy":"product_cat","embeddable":true,"href":"https:\/\/ferragenspereira.pt\/index.php?rest_route=%2Fwp%2Fv2%2Fproduct_cat&post=587"},{"taxonomy":"product_tag","embeddable":true,"href":"https:\/\/ferragenspereira.pt\/index.php?rest_route=%2Fwp%2Fv2%2Fproduct_tag&post=587"}],"curies":[{"name":"wp","href":"https:\/\/api.w.org\/{rel}","templated":true}]}}