{"id":81,"date":"2024-04-05T16:04:07","date_gmt":"2024-04-05T16:04:07","guid":{"rendered":"https:\/\/ferragenspereira.pt\/?page_id=81"},"modified":"2025-04-08T11:25:35","modified_gmt":"2025-04-08T11:25:35","slug":"contactos","status":"publish","type":"page","link":"https:\/\/ferragenspereira.pt\/?page_id=81","title":{"rendered":"Contactos"},"content":{"rendered":"\n<h2 class=\"wp-block-heading\">Morada<\/h2>\n\n\n\n<ul class=\"wp-block-list\">\n<li>Lugar da G\u00e2ndara, Urbaniza\u00e7\u00e3o Colina do Parque, 3510-674 Orgens, Viseu<\/li>\n\n\n\n<li>(+351)\u00a0232 957 054 | (+351)\u00a0935 283 203<\/li>\n\n\n\n<li><a href=\"mailto:geral@ferragenspereira.pt\">geral@ferragenspereira.pt<\/a>&nbsp;<a href=\"https:\/\/ferragenspereira.pt\/joao@ferragenspereira.pt\">joao@ferragenspereira.pt<\/a><\/li>\n<\/ul>\n\n\n\n<h2 class=\"wp-block-heading\">Localiza\u00e7\u00e3o<\/h2>\n\n\n\n<div class=\"mapouter\"><div class=\"gmap_canvas\"><iframe width=\"600\" height=\"500\" id=\"gmap_canvas\" data-src=\"https:\/\/maps.google.com\/maps?q=ferragens%20pereira%20viseu&#038;t=&#038;z=13&#038;ie=UTF8&#038;iwloc=&#038;output=embed\" frameborder=\"0\" scrolling=\"no\" marginheight=\"0\" marginwidth=\"0\" src=\"data:image\/svg+xml;base64,PHN2ZyB3aWR0aD0iMSIgaGVpZ2h0PSIxIiB4bWxucz0iaHR0cDovL3d3dy53My5vcmcvMjAwMC9zdmciPjwvc3ZnPg==\" class=\"lazyload\" data-load-mode=\"1\"><\/iframe><a href=\"https:\/\/123movies-i.net\">123movies<\/a><br><style>.mapouter{position:relative;text-align:right;height:500px;width:600px;}<\/style><a href=\"https:\/\/www.embedgooglemap.net\"><\/a><style>.gmap_canvas {overflow:hidden;background:none!important;height:500px;width:600px;}<\/style><\/div><\/div>\n\n\n\n<div class=\"wpcf7 no-js\" id=\"wpcf7-f216-o1\" lang=\"pt-PT\" dir=\"ltr\" data-wpcf7-id=\"216\">\n<div class=\"screen-reader-response\"><p role=\"status\" aria-live=\"polite\" aria-atomic=\"true\"><\/p> <ul><\/ul><\/div>\n<form action=\"\/index.php?rest_route=%2Fwp%2Fv2%2Fpages%2F81#wpcf7-f216-o1\" method=\"post\" class=\"wpcf7-form init\" aria-label=\"Formul\u00e1rio de contacto\" novalidate=\"novalidate\" data-status=\"init\">\n<fieldset class=\"hidden-fields-container\"><input type=\"hidden\" name=\"_wpcf7\" value=\"216\" \/><input type=\"hidden\" name=\"_wpcf7_version\" value=\"6.1.4\" \/><input type=\"hidden\" name=\"_wpcf7_locale\" value=\"pt_PT\" \/><input type=\"hidden\" name=\"_wpcf7_unit_tag\" value=\"wpcf7-f216-o1\" \/><input type=\"hidden\" name=\"_wpcf7_container_post\" value=\"0\" \/><input type=\"hidden\" name=\"_wpcf7_posted_data_hash\" value=\"\" \/>\n<\/fieldset>\n<p><label> O seu nome<br \/>\n<span class=\"wpcf7-form-control-wrap\" data-name=\"your-name\"><input size=\"40\" maxlength=\"400\" class=\"wpcf7-form-control wpcf7-text wpcf7-validates-as-required\" autocomplete=\"name\" aria-required=\"true\" aria-invalid=\"false\" value=\"\" type=\"text\" name=\"your-name\" \/><\/span> <\/label>\n<\/p>\n<p><label> O seu email<br \/>\n<span class=\"wpcf7-form-control-wrap\" data-name=\"your-email\"><input size=\"40\" maxlength=\"400\" class=\"wpcf7-form-control wpcf7-email wpcf7-validates-as-required wpcf7-text wpcf7-validates-as-email\" autocomplete=\"email\" aria-required=\"true\" aria-invalid=\"false\" value=\"\" type=\"email\" name=\"your-email\" \/><\/span> <\/label>\n<\/p>\n<p><label> Assunto<br \/>\n<span class=\"wpcf7-form-control-wrap\" data-name=\"your-subject\"><input size=\"40\" maxlength=\"400\" class=\"wpcf7-form-control wpcf7-text wpcf7-validates-as-required\" aria-required=\"true\" aria-invalid=\"false\" value=\"\" type=\"text\" name=\"your-subject\" \/><\/span> <\/label>\n<\/p>\n<p><label> A sua mensagem (opcional)<br \/>\n<span class=\"wpcf7-form-control-wrap\" data-name=\"your-message\"><textarea cols=\"40\" rows=\"10\" maxlength=\"2000\" class=\"wpcf7-form-control wpcf7-textarea\" aria-invalid=\"false\" name=\"your-message\"><\/textarea><\/span> <\/label>\n<\/p>\n<p><input class=\"wpcf7-form-control wpcf7-submit has-spinner\" type=\"submit\" value=\"Submeter\" \/>\n<\/p><div class=\"wpcf7-response-output\" aria-hidden=\"true\"><\/div>\n<\/form>\n<\/div>\n\n\n\n\n<hr class=\"wp-block-separator has-alpha-channel-opacity\"\/>\n\n\n\n<h2 class=\"wp-block-heading\">Resolu\u00e7\u00e3o de Lit\u00edgios<\/h2>\n\n\n\n<p>Em cumprimento da lei 144\/2015 informamos os senhores consumidores que, em caso de lit\u00edgio, disp\u00f5e de meios alternativos de resolu\u00e7\u00e3o alternativa de lit\u00edgios (ral), o centro nacional de informa\u00e7\u00e3o de conflitos de consumo(cniacc)&nbsp;<a href=\"http:\/\/www.arbitragemdeconsumo.org\/\" target=\"_blank\" rel=\"noreferrer noopener\">www.arbitragemdeconsumo.org<\/a><\/p>\n\n\n\n<hr class=\"wp-block-separator has-alpha-channel-opacity\"\/>\n\n\n\n<h2 class=\"wp-block-heading\">Livro de Reclama\u00e7\u00f5es Online<\/h2>\n\n\n\n<figure class=\"wp-block-image size-full is-style-rounded\"><a href=\"https:\/\/www.livroreclamacoes.pt\/Inicio\/\"><img fetchpriority=\"high\" decoding=\"async\" width=\"360\" height=\"140\" src=\"https:\/\/ferragenspereira.pt\/wp-content\/uploads\/2024\/04\/Livro-de-reclamacoes-2.png\" alt=\"\" class=\"wp-image-211\" srcset=\"https:\/\/ferragenspereira.pt\/wp-content\/uploads\/2024\/04\/Livro-de-reclamacoes-2.png 360w, https:\/\/ferragenspereira.pt\/wp-content\/uploads\/2024\/04\/Livro-de-reclamacoes-2-300x117.png 300w\" sizes=\"(max-width: 360px) 100vw, 360px\" \/><\/a><\/figure>\n","protected":false},"excerpt":{"rendered":"<p>Morada Localiza\u00e7\u00e3o 123movies Resolu\u00e7\u00e3o de Lit\u00edgios Em cumprimento da lei 144\/2015 informamos os senhores consumidores que, em caso de lit\u00edgio, disp\u00f5e de meios alternativos de resolu\u00e7\u00e3o alternativa de lit\u00edgios (ral), o centro nacional de informa\u00e7\u00e3o de conflitos de consumo(cniacc)&nbsp;www.arbitragemdeconsumo.org Livro de Reclama\u00e7\u00f5es Online<\/p>\n","protected":false},"author":1,"featured_media":0,"parent":0,"menu_order":0,"comment_status":"closed","ping_status":"closed","template":"templates\/template-page-full-width.php","meta":{"iawp_total_views":140,"footnotes":""},"class_list":["post-81","page","type-page","status-publish","hentry"],"yoast_head":"<!-- This site is optimized with the Yoast SEO plugin v22.5 - https:\/\/yoast.com\/wordpress\/plugins\/seo\/ -->\n<title>Contactos -<\/title>\n<meta name=\"robots\" content=\"index, follow, max-snippet:-1, max-image-preview:large, max-video-preview:-1\" \/>\n<link rel=\"canonical\" href=\"https:\/\/ferragenspereira.pt\/?page_id=81\" \/>\n<meta property=\"og:locale\" content=\"pt_PT\" \/>\n<meta property=\"og:type\" content=\"article\" \/>\n<meta property=\"og:title\" content=\"Contactos -\" \/>\n<meta property=\"og:description\" content=\"Morada Localiza\u00e7\u00e3o 123movies Resolu\u00e7\u00e3o de Lit\u00edgios Em cumprimento da lei 144\/2015 informamos os senhores consumidores que, em caso de lit\u00edgio, disp\u00f5e de meios alternativos de resolu\u00e7\u00e3o alternativa de lit\u00edgios (ral), o centro nacional de informa\u00e7\u00e3o de conflitos de consumo(cniacc)&nbsp;www.arbitragemdeconsumo.org Livro de Reclama\u00e7\u00f5es Online\" \/>\n<meta property=\"og:url\" content=\"https:\/\/ferragenspereira.pt\/?page_id=81\" \/>\n<meta property=\"article:modified_time\" content=\"2025-04-08T11:25:35+00:00\" \/>\n<meta property=\"og:image\" content=\"https:\/\/ferragenspereira.pt\/wp-content\/uploads\/2024\/04\/Livro-de-reclamacoes-2.png\" \/>\n<meta name=\"twitter:card\" content=\"summary_large_image\" \/>\n<meta name=\"twitter:label1\" content=\"Tempo estimado de leitura\" \/>\n\t<meta name=\"twitter:data1\" content=\"1 minuto\" \/>\n<script type=\"application\/ld+json\" class=\"yoast-schema-graph\">{\"@context\":\"https:\/\/schema.org\",\"@graph\":[{\"@type\":\"WebPage\",\"@id\":\"https:\/\/ferragenspereira.pt\/?page_id=81\",\"url\":\"https:\/\/ferragenspereira.pt\/?page_id=81\",\"name\":\"Contactos -\",\"isPartOf\":{\"@id\":\"https:\/\/ferragenspereira.pt\/#website\"},\"primaryImageOfPage\":{\"@id\":\"https:\/\/ferragenspereira.pt\/?page_id=81#primaryimage\"},\"image\":{\"@id\":\"https:\/\/ferragenspereira.pt\/?page_id=81#primaryimage\"},\"thumbnailUrl\":\"https:\/\/ferragenspereira.pt\/wp-content\/uploads\/2024\/04\/Livro-de-reclamacoes-2.png\",\"datePublished\":\"2024-04-05T16:04:07+00:00\",\"dateModified\":\"2025-04-08T11:25:35+00:00\",\"breadcrumb\":{\"@id\":\"https:\/\/ferragenspereira.pt\/?page_id=81#breadcrumb\"},\"inLanguage\":\"pt-PT\",\"potentialAction\":[{\"@type\":\"ReadAction\",\"target\":[\"https:\/\/ferragenspereira.pt\/?page_id=81\"]}]},{\"@type\":\"ImageObject\",\"inLanguage\":\"pt-PT\",\"@id\":\"https:\/\/ferragenspereira.pt\/?page_id=81#primaryimage\",\"url\":\"https:\/\/ferragenspereira.pt\/wp-content\/uploads\/2024\/04\/Livro-de-reclamacoes-2.png\",\"contentUrl\":\"https:\/\/ferragenspereira.pt\/wp-content\/uploads\/2024\/04\/Livro-de-reclamacoes-2.png\",\"width\":360,\"height\":140},{\"@type\":\"BreadcrumbList\",\"@id\":\"https:\/\/ferragenspereira.pt\/?page_id=81#breadcrumb\",\"itemListElement\":[{\"@type\":\"ListItem\",\"position\":1,\"name\":\"In\u00edcio\",\"item\":\"https:\/\/ferragenspereira.pt\/\"},{\"@type\":\"ListItem\",\"position\":2,\"name\":\"Contactos\"}]},{\"@type\":\"WebSite\",\"@id\":\"https:\/\/ferragenspereira.pt\/#website\",\"url\":\"https:\/\/ferragenspereira.pt\/\",\"name\":\"Ferragens Pereira Lda\",\"description\":\"\",\"publisher\":{\"@id\":\"https:\/\/ferragenspereira.pt\/#organization\"},\"potentialAction\":[{\"@type\":\"SearchAction\",\"target\":{\"@type\":\"EntryPoint\",\"urlTemplate\":\"https:\/\/ferragenspereira.pt\/?s={search_term_string}\"},\"query-input\":\"required name=search_term_string\"}],\"inLanguage\":\"pt-PT\"},{\"@type\":\"Organization\",\"@id\":\"https:\/\/ferragenspereira.pt\/#organization\",\"name\":\"Ferragens Pereira Lda\",\"url\":\"https:\/\/ferragenspereira.pt\/\",\"logo\":{\"@type\":\"ImageObject\",\"inLanguage\":\"pt-PT\",\"@id\":\"https:\/\/ferragenspereira.pt\/#\/schema\/logo\/image\/\",\"url\":\"https:\/\/ferragenspereira.pt\/wp-content\/uploads\/2024\/04\/cropped-Logo.jpg\",\"contentUrl\":\"https:\/\/ferragenspereira.pt\/wp-content\/uploads\/2024\/04\/cropped-Logo.jpg\",\"width\":898,\"height\":817,\"caption\":\"Ferragens Pereira Lda\"},\"image\":{\"@id\":\"https:\/\/ferragenspereira.pt\/#\/schema\/logo\/image\/\"}}]}<\/script>\n<!-- \/ Yoast SEO plugin. -->","yoast_head_json":{"title":"Contactos -","robots":{"index":"index","follow":"follow","max-snippet":"max-snippet:-1","max-image-preview":"max-image-preview:large","max-video-preview":"max-video-preview:-1"},"canonical":"https:\/\/ferragenspereira.pt\/?page_id=81","og_locale":"pt_PT","og_type":"article","og_title":"Contactos -","og_description":"Morada Localiza\u00e7\u00e3o 123movies Resolu\u00e7\u00e3o de Lit\u00edgios Em cumprimento da lei 144\/2015 informamos os senhores consumidores que, em caso de lit\u00edgio, disp\u00f5e de meios alternativos de resolu\u00e7\u00e3o alternativa de lit\u00edgios (ral), o centro nacional de informa\u00e7\u00e3o de conflitos de consumo(cniacc)&nbsp;www.arbitragemdeconsumo.org Livro de Reclama\u00e7\u00f5es Online","og_url":"https:\/\/ferragenspereira.pt\/?page_id=81","article_modified_time":"2025-04-08T11:25:35+00:00","og_image":[{"url":"https:\/\/ferragenspereira.pt\/wp-content\/uploads\/2024\/04\/Livro-de-reclamacoes-2.png"}],"twitter_card":"summary_large_image","twitter_misc":{"Tempo estimado de leitura":"1 minuto"},"schema":{"@context":"https:\/\/schema.org","@graph":[{"@type":"WebPage","@id":"https:\/\/ferragenspereira.pt\/?page_id=81","url":"https:\/\/ferragenspereira.pt\/?page_id=81","name":"Contactos -","isPartOf":{"@id":"https:\/\/ferragenspereira.pt\/#website"},"primaryImageOfPage":{"@id":"https:\/\/ferragenspereira.pt\/?page_id=81#primaryimage"},"image":{"@id":"https:\/\/ferragenspereira.pt\/?page_id=81#primaryimage"},"thumbnailUrl":"https:\/\/ferragenspereira.pt\/wp-content\/uploads\/2024\/04\/Livro-de-reclamacoes-2.png","datePublished":"2024-04-05T16:04:07+00:00","dateModified":"2025-04-08T11:25:35+00:00","breadcrumb":{"@id":"https:\/\/ferragenspereira.pt\/?page_id=81#breadcrumb"},"inLanguage":"pt-PT","potentialAction":[{"@type":"ReadAction","target":["https:\/\/ferragenspereira.pt\/?page_id=81"]}]},{"@type":"ImageObject","inLanguage":"pt-PT","@id":"https:\/\/ferragenspereira.pt\/?page_id=81#primaryimage","url":"https:\/\/ferragenspereira.pt\/wp-content\/uploads\/2024\/04\/Livro-de-reclamacoes-2.png","contentUrl":"https:\/\/ferragenspereira.pt\/wp-content\/uploads\/2024\/04\/Livro-de-reclamacoes-2.png","width":360,"height":140},{"@type":"BreadcrumbList","@id":"https:\/\/ferragenspereira.pt\/?page_id=81#breadcrumb","itemListElement":[{"@type":"ListItem","position":1,"name":"In\u00edcio","item":"https:\/\/ferragenspereira.pt\/"},{"@type":"ListItem","position":2,"name":"Contactos"}]},{"@type":"WebSite","@id":"https:\/\/ferragenspereira.pt\/#website","url":"https:\/\/ferragenspereira.pt\/","name":"Ferragens Pereira Lda","description":"","publisher":{"@id":"https:\/\/ferragenspereira.pt\/#organization"},"potentialAction":[{"@type":"SearchAction","target":{"@type":"EntryPoint","urlTemplate":"https:\/\/ferragenspereira.pt\/?s={search_term_string}"},"query-input":"required name=search_term_string"}],"inLanguage":"pt-PT"},{"@type":"Organization","@id":"https:\/\/ferragenspereira.pt\/#organization","name":"Ferragens Pereira Lda","url":"https:\/\/ferragenspereira.pt\/","logo":{"@type":"ImageObject","inLanguage":"pt-PT","@id":"https:\/\/ferragenspereira.pt\/#\/schema\/logo\/image\/","url":"https:\/\/ferragenspereira.pt\/wp-content\/uploads\/2024\/04\/cropped-Logo.jpg","contentUrl":"https:\/\/ferragenspereira.pt\/wp-content\/uploads\/2024\/04\/cropped-Logo.jpg","width":898,"height":817,"caption":"Ferragens Pereira Lda"},"image":{"@id":"https:\/\/ferragenspereira.pt\/#\/schema\/logo\/image\/"}}]}},"_links":{"self":[{"href":"https:\/\/ferragenspereira.pt\/index.php?rest_route=\/wp\/v2\/pages\/81","targetHints":{"allow":["GET"]}}],"collection":[{"href":"https:\/\/ferragenspereira.pt\/index.php?rest_route=\/wp\/v2\/pages"}],"about":[{"href":"https:\/\/ferragenspereira.pt\/index.php?rest_route=\/wp\/v2\/types\/page"}],"author":[{"embeddable":true,"href":"https:\/\/ferragenspereira.pt\/index.php?rest_route=\/wp\/v2\/users\/1"}],"replies":[{"embeddable":true,"href":"https:\/\/ferragenspereira.pt\/index.php?rest_route=%2Fwp%2Fv2%2Fcomments&post=81"}],"version-history":[{"count":8,"href":"https:\/\/ferragenspereira.pt\/index.php?rest_route=\/wp\/v2\/pages\/81\/revisions"}],"predecessor-version":[{"id":523,"href":"https:\/\/ferragenspereira.pt\/index.php?rest_route=\/wp\/v2\/pages\/81\/revisions\/523"}],"wp:attachment":[{"href":"https:\/\/ferragenspereira.pt\/index.php?rest_route=%2Fwp%2Fv2%2Fmedia&parent=81"}],"curies":[{"name":"wp","href":"https:\/\/api.w.org\/{rel}","templated":true}]}}