{"id":168,"date":"2024-04-09T08:24:03","date_gmt":"2024-04-09T08:24:03","guid":{"rendered":"https:\/\/ferragenspereira.pt\/?page_id=168"},"modified":"2024-04-09T08:27:20","modified_gmt":"2024-04-09T08:27:20","slug":"baterias-m12","status":"publish","type":"page","link":"https:\/\/ferragenspereira.pt\/?page_id=168","title":{"rendered":"Baterias M12"},"content":{"rendered":"\n<figure class=\"wp-block-image size-large\"><img fetchpriority=\"high\" decoding=\"async\" width=\"1024\" height=\"279\" src=\"https:\/\/ferragenspereira.pt\/wp-content\/uploads\/2024\/04\/Baterias-M12-1024x279.jpg\" alt=\"\" class=\"wp-image-169\" srcset=\"https:\/\/ferragenspereira.pt\/wp-content\/uploads\/2024\/04\/Baterias-M12-1024x279.jpg 1024w, https:\/\/ferragenspereira.pt\/wp-content\/uploads\/2024\/04\/Baterias-M12-300x82.jpg 300w, https:\/\/ferragenspereira.pt\/wp-content\/uploads\/2024\/04\/Baterias-M12-768x209.jpg 768w, https:\/\/ferragenspereira.pt\/wp-content\/uploads\/2024\/04\/Baterias-M12-1536x419.jpg 1536w, https:\/\/ferragenspereira.pt\/wp-content\/uploads\/2024\/04\/Baterias-M12-2048x558.jpg 2048w, https:\/\/ferragenspereira.pt\/wp-content\/uploads\/2024\/04\/Baterias-M12-600x164.jpg 600w\" sizes=\"(max-width: 1024px) 100vw, 1024px\" \/><\/figure>\n\n\n\n<p>Se procura as melhores ferramentas el\u00e9ctricas sem fios&nbsp;de 12 volts, nada se aproxima do sistema M12\u2122 da Milwaukee\u00ae. Um sistema alimentado pela tecnologia&nbsp;REDLITHIUM\u2122, a melhor tecnologia de i\u00f5es de l\u00edtio dispon\u00edvel.<\/p>\n\n\n\n<p>A Milwaukee\u00ae \u00e9 l\u00edder mundial na tecnologia de i\u00f5es de l\u00edtio, oferecendo as solu\u00e7\u00f5es mais avan\u00e7adas aos profissionais. A nossa gama de baterias REDLITHIUM\u2122 fornece at\u00e9 40% mais autonomia, 20% mais energia e 50% mais recargas do que as baterias convencionais de i\u00f5es de l\u00edtio.<\/p>\n\n\n\n<p>&nbsp;As baterias REDLITHIUM\u2122 proporcionam o melhor desempenho em condi\u00e7\u00f5es extremas no local de trabalho, incluindo temperaturas t\u00e3o baixas como -20\u00b0C. Em regi\u00f5es onde o calor \u00e9 tamb\u00e9m um fator cr\u00edtico, as baterias REDLITHIUM\u2122 funcionam 20% mais frias do que as baterias convencionais e oferecem uma energia livre de desgaste, sem efeito de mem\u00f3ria.<\/p>\n\n\n\n<p>Totalmente compat\u00edveis com as solu\u00e7\u00f5es sem fios do sistema M12\u2122 atualmente dispon\u00edveis, as novas baterias REDLITHIUM\u2122 proporcionam uma atualiza\u00e7\u00e3o instant\u00e2nea do desempenho, autonomia e durabilidade das ferramentas M12\u2122 que possui.<\/p>\n","protected":false},"excerpt":{"rendered":"<p>Se procura as melhores ferramentas el\u00e9ctricas sem fios&nbsp;de 12 volts, nada se aproxima do sistema M12\u2122 da Milwaukee\u00ae. Um sistema alimentado pela tecnologia&nbsp;REDLITHIUM\u2122, a melhor tecnologia de i\u00f5es de l\u00edtio dispon\u00edvel. A Milwaukee\u00ae \u00e9 l\u00edder mundial na tecnologia de i\u00f5es de l\u00edtio, oferecendo as solu\u00e7\u00f5es mais avan\u00e7adas aos profissionais. A nossa gama de baterias REDLITHIUM\u2122 [&hellip;]<\/p>\n","protected":false},"author":1,"featured_media":0,"parent":0,"menu_order":0,"comment_status":"closed","ping_status":"closed","template":"templates\/template-page-full-width.php","meta":{"iawp_total_views":2,"footnotes":""},"class_list":["post-168","page","type-page","status-publish","hentry"],"yoast_head":"<!-- This site is optimized with the Yoast SEO plugin v22.5 - https:\/\/yoast.com\/wordpress\/plugins\/seo\/ -->\n<title>Baterias M12 -<\/title>\n<meta name=\"robots\" content=\"index, follow, max-snippet:-1, max-image-preview:large, max-video-preview:-1\" \/>\n<link rel=\"canonical\" href=\"https:\/\/ferragenspereira.pt\/?page_id=168\" \/>\n<meta property=\"og:locale\" content=\"pt_PT\" \/>\n<meta property=\"og:type\" content=\"article\" \/>\n<meta property=\"og:title\" content=\"Baterias M12 -\" \/>\n<meta property=\"og:description\" content=\"Se procura as melhores ferramentas el\u00e9ctricas sem fios&nbsp;de 12 volts, nada se aproxima do sistema M12\u2122 da Milwaukee\u00ae. Um sistema alimentado pela tecnologia&nbsp;REDLITHIUM\u2122, a melhor tecnologia de i\u00f5es de l\u00edtio dispon\u00edvel. A Milwaukee\u00ae \u00e9 l\u00edder mundial na tecnologia de i\u00f5es de l\u00edtio, oferecendo as solu\u00e7\u00f5es mais avan\u00e7adas aos profissionais. A nossa gama de baterias REDLITHIUM\u2122 [&hellip;]\" \/>\n<meta property=\"og:url\" content=\"https:\/\/ferragenspereira.pt\/?page_id=168\" \/>\n<meta property=\"article:modified_time\" content=\"2024-04-09T08:27:20+00:00\" \/>\n<meta property=\"og:image\" content=\"https:\/\/ferragenspereira.pt\/wp-content\/uploads\/2024\/04\/Baterias-M12-1024x279.jpg\" \/>\n<meta name=\"twitter:card\" content=\"summary_large_image\" \/>\n<meta name=\"twitter:label1\" content=\"Tempo estimado de leitura\" \/>\n\t<meta name=\"twitter:data1\" content=\"1 minuto\" \/>\n<script type=\"application\/ld+json\" class=\"yoast-schema-graph\">{\"@context\":\"https:\/\/schema.org\",\"@graph\":[{\"@type\":\"WebPage\",\"@id\":\"https:\/\/ferragenspereira.pt\/?page_id=168\",\"url\":\"https:\/\/ferragenspereira.pt\/?page_id=168\",\"name\":\"Baterias M12 -\",\"isPartOf\":{\"@id\":\"https:\/\/ferragenspereira.pt\/#website\"},\"primaryImageOfPage\":{\"@id\":\"https:\/\/ferragenspereira.pt\/?page_id=168#primaryimage\"},\"image\":{\"@id\":\"https:\/\/ferragenspereira.pt\/?page_id=168#primaryimage\"},\"thumbnailUrl\":\"https:\/\/ferragenspereira.pt\/wp-content\/uploads\/2024\/04\/Baterias-M12-1024x279.jpg\",\"datePublished\":\"2024-04-09T08:24:03+00:00\",\"dateModified\":\"2024-04-09T08:27:20+00:00\",\"breadcrumb\":{\"@id\":\"https:\/\/ferragenspereira.pt\/?page_id=168#breadcrumb\"},\"inLanguage\":\"pt-PT\",\"potentialAction\":[{\"@type\":\"ReadAction\",\"target\":[\"https:\/\/ferragenspereira.pt\/?page_id=168\"]}]},{\"@type\":\"ImageObject\",\"inLanguage\":\"pt-PT\",\"@id\":\"https:\/\/ferragenspereira.pt\/?page_id=168#primaryimage\",\"url\":\"https:\/\/ferragenspereira.pt\/wp-content\/uploads\/2024\/04\/Baterias-M12.jpg\",\"contentUrl\":\"https:\/\/ferragenspereira.pt\/wp-content\/uploads\/2024\/04\/Baterias-M12.jpg\",\"width\":2209,\"height\":602},{\"@type\":\"BreadcrumbList\",\"@id\":\"https:\/\/ferragenspereira.pt\/?page_id=168#breadcrumb\",\"itemListElement\":[{\"@type\":\"ListItem\",\"position\":1,\"name\":\"In\u00edcio\",\"item\":\"https:\/\/ferragenspereira.pt\/\"},{\"@type\":\"ListItem\",\"position\":2,\"name\":\"Baterias M12\"}]},{\"@type\":\"WebSite\",\"@id\":\"https:\/\/ferragenspereira.pt\/#website\",\"url\":\"https:\/\/ferragenspereira.pt\/\",\"name\":\"Ferragens Pereira Lda\",\"description\":\"\",\"publisher\":{\"@id\":\"https:\/\/ferragenspereira.pt\/#organization\"},\"potentialAction\":[{\"@type\":\"SearchAction\",\"target\":{\"@type\":\"EntryPoint\",\"urlTemplate\":\"https:\/\/ferragenspereira.pt\/?s={search_term_string}\"},\"query-input\":\"required name=search_term_string\"}],\"inLanguage\":\"pt-PT\"},{\"@type\":\"Organization\",\"@id\":\"https:\/\/ferragenspereira.pt\/#organization\",\"name\":\"Ferragens Pereira Lda\",\"url\":\"https:\/\/ferragenspereira.pt\/\",\"logo\":{\"@type\":\"ImageObject\",\"inLanguage\":\"pt-PT\",\"@id\":\"https:\/\/ferragenspereira.pt\/#\/schema\/logo\/image\/\",\"url\":\"https:\/\/ferragenspereira.pt\/wp-content\/uploads\/2024\/04\/cropped-Logo.jpg\",\"contentUrl\":\"https:\/\/ferragenspereira.pt\/wp-content\/uploads\/2024\/04\/cropped-Logo.jpg\",\"width\":898,\"height\":817,\"caption\":\"Ferragens Pereira Lda\"},\"image\":{\"@id\":\"https:\/\/ferragenspereira.pt\/#\/schema\/logo\/image\/\"}}]}<\/script>\n<!-- \/ Yoast SEO plugin. -->","yoast_head_json":{"title":"Baterias M12 -","robots":{"index":"index","follow":"follow","max-snippet":"max-snippet:-1","max-image-preview":"max-image-preview:large","max-video-preview":"max-video-preview:-1"},"canonical":"https:\/\/ferragenspereira.pt\/?page_id=168","og_locale":"pt_PT","og_type":"article","og_title":"Baterias M12 -","og_description":"Se procura as melhores ferramentas el\u00e9ctricas sem fios&nbsp;de 12 volts, nada se aproxima do sistema M12\u2122 da Milwaukee\u00ae. Um sistema alimentado pela tecnologia&nbsp;REDLITHIUM\u2122, a melhor tecnologia de i\u00f5es de l\u00edtio dispon\u00edvel. A Milwaukee\u00ae \u00e9 l\u00edder mundial na tecnologia de i\u00f5es de l\u00edtio, oferecendo as solu\u00e7\u00f5es mais avan\u00e7adas aos profissionais. A nossa gama de baterias REDLITHIUM\u2122 [&hellip;]","og_url":"https:\/\/ferragenspereira.pt\/?page_id=168","article_modified_time":"2024-04-09T08:27:20+00:00","og_image":[{"url":"https:\/\/ferragenspereira.pt\/wp-content\/uploads\/2024\/04\/Baterias-M12-1024x279.jpg"}],"twitter_card":"summary_large_image","twitter_misc":{"Tempo estimado de leitura":"1 minuto"},"schema":{"@context":"https:\/\/schema.org","@graph":[{"@type":"WebPage","@id":"https:\/\/ferragenspereira.pt\/?page_id=168","url":"https:\/\/ferragenspereira.pt\/?page_id=168","name":"Baterias M12 -","isPartOf":{"@id":"https:\/\/ferragenspereira.pt\/#website"},"primaryImageOfPage":{"@id":"https:\/\/ferragenspereira.pt\/?page_id=168#primaryimage"},"image":{"@id":"https:\/\/ferragenspereira.pt\/?page_id=168#primaryimage"},"thumbnailUrl":"https:\/\/ferragenspereira.pt\/wp-content\/uploads\/2024\/04\/Baterias-M12-1024x279.jpg","datePublished":"2024-04-09T08:24:03+00:00","dateModified":"2024-04-09T08:27:20+00:00","breadcrumb":{"@id":"https:\/\/ferragenspereira.pt\/?page_id=168#breadcrumb"},"inLanguage":"pt-PT","potentialAction":[{"@type":"ReadAction","target":["https:\/\/ferragenspereira.pt\/?page_id=168"]}]},{"@type":"ImageObject","inLanguage":"pt-PT","@id":"https:\/\/ferragenspereira.pt\/?page_id=168#primaryimage","url":"https:\/\/ferragenspereira.pt\/wp-content\/uploads\/2024\/04\/Baterias-M12.jpg","contentUrl":"https:\/\/ferragenspereira.pt\/wp-content\/uploads\/2024\/04\/Baterias-M12.jpg","width":2209,"height":602},{"@type":"BreadcrumbList","@id":"https:\/\/ferragenspereira.pt\/?page_id=168#breadcrumb","itemListElement":[{"@type":"ListItem","position":1,"name":"In\u00edcio","item":"https:\/\/ferragenspereira.pt\/"},{"@type":"ListItem","position":2,"name":"Baterias M12"}]},{"@type":"WebSite","@id":"https:\/\/ferragenspereira.pt\/#website","url":"https:\/\/ferragenspereira.pt\/","name":"Ferragens Pereira Lda","description":"","publisher":{"@id":"https:\/\/ferragenspereira.pt\/#organization"},"potentialAction":[{"@type":"SearchAction","target":{"@type":"EntryPoint","urlTemplate":"https:\/\/ferragenspereira.pt\/?s={search_term_string}"},"query-input":"required name=search_term_string"}],"inLanguage":"pt-PT"},{"@type":"Organization","@id":"https:\/\/ferragenspereira.pt\/#organization","name":"Ferragens Pereira Lda","url":"https:\/\/ferragenspereira.pt\/","logo":{"@type":"ImageObject","inLanguage":"pt-PT","@id":"https:\/\/ferragenspereira.pt\/#\/schema\/logo\/image\/","url":"https:\/\/ferragenspereira.pt\/wp-content\/uploads\/2024\/04\/cropped-Logo.jpg","contentUrl":"https:\/\/ferragenspereira.pt\/wp-content\/uploads\/2024\/04\/cropped-Logo.jpg","width":898,"height":817,"caption":"Ferragens Pereira Lda"},"image":{"@id":"https:\/\/ferragenspereira.pt\/#\/schema\/logo\/image\/"}}]}},"_links":{"self":[{"href":"https:\/\/ferragenspereira.pt\/index.php?rest_route=\/wp\/v2\/pages\/168","targetHints":{"allow":["GET"]}}],"collection":[{"href":"https:\/\/ferragenspereira.pt\/index.php?rest_route=\/wp\/v2\/pages"}],"about":[{"href":"https:\/\/ferragenspereira.pt\/index.php?rest_route=\/wp\/v2\/types\/page"}],"author":[{"embeddable":true,"href":"https:\/\/ferragenspereira.pt\/index.php?rest_route=\/wp\/v2\/users\/1"}],"replies":[{"embeddable":true,"href":"https:\/\/ferragenspereira.pt\/index.php?rest_route=%2Fwp%2Fv2%2Fcomments&post=168"}],"version-history":[{"count":1,"href":"https:\/\/ferragenspereira.pt\/index.php?rest_route=\/wp\/v2\/pages\/168\/revisions"}],"predecessor-version":[{"id":170,"href":"https:\/\/ferragenspereira.pt\/index.php?rest_route=\/wp\/v2\/pages\/168\/revisions\/170"}],"wp:attachment":[{"href":"https:\/\/ferragenspereira.pt\/index.php?rest_route=%2Fwp%2Fv2%2Fmedia&parent=168"}],"curies":[{"name":"wp","href":"https:\/\/api.w.org\/{rel}","templated":true}]}}