{"id":153,"date":"2024-04-09T08:01:59","date_gmt":"2024-04-09T08:01:59","guid":{"rendered":"https:\/\/ferragenspereira.pt\/?page_id=153"},"modified":"2024-04-09T08:12:59","modified_gmt":"2024-04-09T08:12:59","slug":"gama-m12","status":"publish","type":"page","link":"https:\/\/ferragenspereira.pt\/?page_id=153","title":{"rendered":"GAMA M12"},"content":{"rendered":"\n<p>A gama sem fios Milwaukee M12\u2122oferece mais de 80 solu\u00e7\u00f5es compactas, transformando as ferramentas ineficientes em ferramentas de alta efici\u00eancia.<\/p>\n\n\n\n<figure class=\"wp-block-gallery has-nested-images columns-default is-cropped wp-block-gallery-1 is-layout-flex wp-block-gallery-is-layout-flex\">\n<figure class=\"wp-block-image size-large\"><img fetchpriority=\"high\" decoding=\"async\" width=\"1024\" height=\"683\" data-id=\"154\" src=\"https:\/\/ferragenspereira.pt\/wp-content\/uploads\/2024\/04\/GAMAM12-1024x683.jpg\" alt=\"\" class=\"wp-image-154\" srcset=\"https:\/\/ferragenspereira.pt\/wp-content\/uploads\/2024\/04\/GAMAM12-1024x683.jpg 1024w, https:\/\/ferragenspereira.pt\/wp-content\/uploads\/2024\/04\/GAMAM12-300x200.jpg 300w, https:\/\/ferragenspereira.pt\/wp-content\/uploads\/2024\/04\/GAMAM12-768x512.jpg 768w, https:\/\/ferragenspereira.pt\/wp-content\/uploads\/2024\/04\/GAMAM12-600x400.jpg 600w, https:\/\/ferragenspereira.pt\/wp-content\/uploads\/2024\/04\/GAMAM12.jpg 1527w\" sizes=\"(max-width: 1024px) 100vw, 1024px\" \/><\/figure>\n<\/figure>\n","protected":false},"excerpt":{"rendered":"<p>A gama sem fios Milwaukee M12\u2122oferece mais de 80 solu\u00e7\u00f5es compactas, transformando as ferramentas ineficientes em ferramentas de alta efici\u00eancia.<\/p>\n","protected":false},"author":1,"featured_media":0,"parent":0,"menu_order":0,"comment_status":"closed","ping_status":"closed","template":"templates\/template-page-full-width.php","meta":{"iawp_total_views":3,"footnotes":""},"class_list":["post-153","page","type-page","status-publish","hentry"],"yoast_head":"<!-- This site is optimized with the Yoast SEO plugin v22.5 - https:\/\/yoast.com\/wordpress\/plugins\/seo\/ -->\n<title>GAMA M12 -<\/title>\n<meta name=\"robots\" content=\"index, follow, max-snippet:-1, max-image-preview:large, max-video-preview:-1\" \/>\n<link rel=\"canonical\" href=\"https:\/\/ferragenspereira.pt\/?page_id=153\" \/>\n<meta property=\"og:locale\" content=\"pt_PT\" \/>\n<meta property=\"og:type\" content=\"article\" \/>\n<meta property=\"og:title\" content=\"GAMA M12 -\" \/>\n<meta property=\"og:description\" content=\"A gama sem fios Milwaukee M12\u2122oferece mais de 80 solu\u00e7\u00f5es compactas, transformando as ferramentas ineficientes em ferramentas de alta efici\u00eancia.\" \/>\n<meta property=\"og:url\" content=\"https:\/\/ferragenspereira.pt\/?page_id=153\" \/>\n<meta property=\"article:modified_time\" content=\"2024-04-09T08:12:59+00:00\" \/>\n<meta property=\"og:image\" content=\"https:\/\/ferragenspereira.pt\/wp-content\/uploads\/2024\/04\/GAMAM12-1024x683.jpg\" \/>\n<meta name=\"twitter:card\" content=\"summary_large_image\" \/>\n<script type=\"application\/ld+json\" class=\"yoast-schema-graph\">{\"@context\":\"https:\/\/schema.org\",\"@graph\":[{\"@type\":\"WebPage\",\"@id\":\"https:\/\/ferragenspereira.pt\/?page_id=153\",\"url\":\"https:\/\/ferragenspereira.pt\/?page_id=153\",\"name\":\"GAMA M12 -\",\"isPartOf\":{\"@id\":\"https:\/\/ferragenspereira.pt\/#website\"},\"primaryImageOfPage\":{\"@id\":\"https:\/\/ferragenspereira.pt\/?page_id=153#primaryimage\"},\"image\":{\"@id\":\"https:\/\/ferragenspereira.pt\/?page_id=153#primaryimage\"},\"thumbnailUrl\":\"https:\/\/ferragenspereira.pt\/wp-content\/uploads\/2024\/04\/GAMAM12-1024x683.jpg\",\"datePublished\":\"2024-04-09T08:01:59+00:00\",\"dateModified\":\"2024-04-09T08:12:59+00:00\",\"breadcrumb\":{\"@id\":\"https:\/\/ferragenspereira.pt\/?page_id=153#breadcrumb\"},\"inLanguage\":\"pt-PT\",\"potentialAction\":[{\"@type\":\"ReadAction\",\"target\":[\"https:\/\/ferragenspereira.pt\/?page_id=153\"]}]},{\"@type\":\"ImageObject\",\"inLanguage\":\"pt-PT\",\"@id\":\"https:\/\/ferragenspereira.pt\/?page_id=153#primaryimage\",\"url\":\"https:\/\/ferragenspereira.pt\/wp-content\/uploads\/2024\/04\/GAMAM12.jpg\",\"contentUrl\":\"https:\/\/ferragenspereira.pt\/wp-content\/uploads\/2024\/04\/GAMAM12.jpg\",\"width\":1527,\"height\":1018},{\"@type\":\"BreadcrumbList\",\"@id\":\"https:\/\/ferragenspereira.pt\/?page_id=153#breadcrumb\",\"itemListElement\":[{\"@type\":\"ListItem\",\"position\":1,\"name\":\"In\u00edcio\",\"item\":\"https:\/\/ferragenspereira.pt\/\"},{\"@type\":\"ListItem\",\"position\":2,\"name\":\"GAMA M12\"}]},{\"@type\":\"WebSite\",\"@id\":\"https:\/\/ferragenspereira.pt\/#website\",\"url\":\"https:\/\/ferragenspereira.pt\/\",\"name\":\"Ferragens Pereira Lda\",\"description\":\"\",\"publisher\":{\"@id\":\"https:\/\/ferragenspereira.pt\/#organization\"},\"potentialAction\":[{\"@type\":\"SearchAction\",\"target\":{\"@type\":\"EntryPoint\",\"urlTemplate\":\"https:\/\/ferragenspereira.pt\/?s={search_term_string}\"},\"query-input\":\"required name=search_term_string\"}],\"inLanguage\":\"pt-PT\"},{\"@type\":\"Organization\",\"@id\":\"https:\/\/ferragenspereira.pt\/#organization\",\"name\":\"Ferragens Pereira Lda\",\"url\":\"https:\/\/ferragenspereira.pt\/\",\"logo\":{\"@type\":\"ImageObject\",\"inLanguage\":\"pt-PT\",\"@id\":\"https:\/\/ferragenspereira.pt\/#\/schema\/logo\/image\/\",\"url\":\"https:\/\/ferragenspereira.pt\/wp-content\/uploads\/2024\/04\/cropped-Logo.jpg\",\"contentUrl\":\"https:\/\/ferragenspereira.pt\/wp-content\/uploads\/2024\/04\/cropped-Logo.jpg\",\"width\":898,\"height\":817,\"caption\":\"Ferragens Pereira Lda\"},\"image\":{\"@id\":\"https:\/\/ferragenspereira.pt\/#\/schema\/logo\/image\/\"}}]}<\/script>\n<!-- \/ Yoast SEO plugin. -->","yoast_head_json":{"title":"GAMA M12 -","robots":{"index":"index","follow":"follow","max-snippet":"max-snippet:-1","max-image-preview":"max-image-preview:large","max-video-preview":"max-video-preview:-1"},"canonical":"https:\/\/ferragenspereira.pt\/?page_id=153","og_locale":"pt_PT","og_type":"article","og_title":"GAMA M12 -","og_description":"A gama sem fios Milwaukee M12\u2122oferece mais de 80 solu\u00e7\u00f5es compactas, transformando as ferramentas ineficientes em ferramentas de alta efici\u00eancia.","og_url":"https:\/\/ferragenspereira.pt\/?page_id=153","article_modified_time":"2024-04-09T08:12:59+00:00","og_image":[{"url":"https:\/\/ferragenspereira.pt\/wp-content\/uploads\/2024\/04\/GAMAM12-1024x683.jpg"}],"twitter_card":"summary_large_image","schema":{"@context":"https:\/\/schema.org","@graph":[{"@type":"WebPage","@id":"https:\/\/ferragenspereira.pt\/?page_id=153","url":"https:\/\/ferragenspereira.pt\/?page_id=153","name":"GAMA M12 -","isPartOf":{"@id":"https:\/\/ferragenspereira.pt\/#website"},"primaryImageOfPage":{"@id":"https:\/\/ferragenspereira.pt\/?page_id=153#primaryimage"},"image":{"@id":"https:\/\/ferragenspereira.pt\/?page_id=153#primaryimage"},"thumbnailUrl":"https:\/\/ferragenspereira.pt\/wp-content\/uploads\/2024\/04\/GAMAM12-1024x683.jpg","datePublished":"2024-04-09T08:01:59+00:00","dateModified":"2024-04-09T08:12:59+00:00","breadcrumb":{"@id":"https:\/\/ferragenspereira.pt\/?page_id=153#breadcrumb"},"inLanguage":"pt-PT","potentialAction":[{"@type":"ReadAction","target":["https:\/\/ferragenspereira.pt\/?page_id=153"]}]},{"@type":"ImageObject","inLanguage":"pt-PT","@id":"https:\/\/ferragenspereira.pt\/?page_id=153#primaryimage","url":"https:\/\/ferragenspereira.pt\/wp-content\/uploads\/2024\/04\/GAMAM12.jpg","contentUrl":"https:\/\/ferragenspereira.pt\/wp-content\/uploads\/2024\/04\/GAMAM12.jpg","width":1527,"height":1018},{"@type":"BreadcrumbList","@id":"https:\/\/ferragenspereira.pt\/?page_id=153#breadcrumb","itemListElement":[{"@type":"ListItem","position":1,"name":"In\u00edcio","item":"https:\/\/ferragenspereira.pt\/"},{"@type":"ListItem","position":2,"name":"GAMA M12"}]},{"@type":"WebSite","@id":"https:\/\/ferragenspereira.pt\/#website","url":"https:\/\/ferragenspereira.pt\/","name":"Ferragens Pereira Lda","description":"","publisher":{"@id":"https:\/\/ferragenspereira.pt\/#organization"},"potentialAction":[{"@type":"SearchAction","target":{"@type":"EntryPoint","urlTemplate":"https:\/\/ferragenspereira.pt\/?s={search_term_string}"},"query-input":"required name=search_term_string"}],"inLanguage":"pt-PT"},{"@type":"Organization","@id":"https:\/\/ferragenspereira.pt\/#organization","name":"Ferragens Pereira Lda","url":"https:\/\/ferragenspereira.pt\/","logo":{"@type":"ImageObject","inLanguage":"pt-PT","@id":"https:\/\/ferragenspereira.pt\/#\/schema\/logo\/image\/","url":"https:\/\/ferragenspereira.pt\/wp-content\/uploads\/2024\/04\/cropped-Logo.jpg","contentUrl":"https:\/\/ferragenspereira.pt\/wp-content\/uploads\/2024\/04\/cropped-Logo.jpg","width":898,"height":817,"caption":"Ferragens Pereira Lda"},"image":{"@id":"https:\/\/ferragenspereira.pt\/#\/schema\/logo\/image\/"}}]}},"_links":{"self":[{"href":"https:\/\/ferragenspereira.pt\/index.php?rest_route=\/wp\/v2\/pages\/153","targetHints":{"allow":["GET"]}}],"collection":[{"href":"https:\/\/ferragenspereira.pt\/index.php?rest_route=\/wp\/v2\/pages"}],"about":[{"href":"https:\/\/ferragenspereira.pt\/index.php?rest_route=\/wp\/v2\/types\/page"}],"author":[{"embeddable":true,"href":"https:\/\/ferragenspereira.pt\/index.php?rest_route=\/wp\/v2\/users\/1"}],"replies":[{"embeddable":true,"href":"https:\/\/ferragenspereira.pt\/index.php?rest_route=%2Fwp%2Fv2%2Fcomments&post=153"}],"version-history":[{"count":1,"href":"https:\/\/ferragenspereira.pt\/index.php?rest_route=\/wp\/v2\/pages\/153\/revisions"}],"predecessor-version":[{"id":155,"href":"https:\/\/ferragenspereira.pt\/index.php?rest_route=\/wp\/v2\/pages\/153\/revisions\/155"}],"wp:attachment":[{"href":"https:\/\/ferragenspereira.pt\/index.php?rest_route=%2Fwp%2Fv2%2Fmedia&parent=153"}],"curies":[{"name":"wp","href":"https:\/\/api.w.org\/{rel}","templated":true}]}}