{"id":148,"date":"2024-04-09T07:56:46","date_gmt":"2024-04-09T07:56:46","guid":{"rendered":"https:\/\/ferragenspereira.pt\/?page_id=148"},"modified":"2024-04-09T08:11:49","modified_gmt":"2024-04-09T08:11:49","slug":"quem-somos","status":"publish","type":"page","link":"https:\/\/ferragenspereira.pt\/?page_id=148","title":{"rendered":"Quem Somos"},"content":{"rendered":"\n<p>Empresa fundada em 2005, tendo como principal objetivo a oferta de acess\u00f3rios para Arquitetura privilegiando como material o a\u00e7o Inoxid\u00e1vel de qualidade ou combina\u00e7\u00e3o deste com outros materiais.<\/p>\n\n\n\n<p>Representamos uma s\u00e9rie de prestigiadas marcas, na sua maioria de origem nacional, procurando juntar outras solu\u00e7\u00f5es de linhas pr\u00f3prias com a melhor rela\u00e7\u00e3o qualidade, pre\u00e7o.<\/p>\n\n\n\n<p>Assim a nossa gama pretende estar em constante inova\u00e7\u00e3o e desenvolvimento na procura de novas ideias e solu\u00e7\u00f5es, indo de encontro com as atuais tend\u00eancias e necessidade de um mercado em permanente evolu\u00e7\u00e3o.<\/p>\n\n\n\n<h2 class=\"wp-block-heading\">E n\u00e3o pod\u00edamos estar mais felizes por isso!<\/h2>\n\n\n\n<p>Ao longo da vida das&nbsp;Ferragens Pereira&nbsp;aprendemos e crescemos, n\u00e3o s\u00f3 como empresa, mas como fam\u00edlia, ganhamos experi\u00eancia, conhecemos pessoas maravilhosas e alguns clientes tornaram-se amigos.<\/p>\n\n\n\n<p>Por isso s\u00f3 temos que agradecer a todos, dando um especial foco aqueles que nos ajudaram a evoluir e crescer.<\/p>\n\n\n\n<p>Um muito obrigado,<\/p>\n\n\n\n<p>6000 produtos , 10func +13anos<\/p>\n\n\n\n<h5 class=\"wp-block-heading\">Nossos Servi\u00e7os<\/h5>\n\n\n\n<p><strong>Comercializa\u00e7\u00e3o e distribui\u00e7\u00e3o de artigos de ferragens nas seguintes \u00e1reas:<\/strong><\/p>\n\n\n\n<ul class=\"wp-block-list\">\n<li>Puxadores.<\/li>\n\n\n\n<li>Dobradi\u00e7as.<\/li>\n\n\n\n<li>Ferragens Gerais.<\/li>\n\n\n\n<li>Ferragens para m\u00f3veis.<\/li>\n\n\n\n<li>Caixas de correiro individuais e coletivas.<\/li>\n\n\n\n<li>Acess\u00f3rios sanit\u00e1rios para casa de banho publica e privadas.<\/li>\n\n\n\n<li>Dobradi\u00e7as para vidro, calhas e ferragens para vidro temperado e laminado<\/li>\n\n\n\n<li>Qu\u00edmicos; silicones, selantes, cola-veda etc.<\/li>\n\n\n\n<li>Ferramentas el\u00e9ctricas e manuais Millwaukee<\/li>\n<\/ul>\n","protected":false},"excerpt":{"rendered":"<p>Empresa fundada em 2005, tendo como principal objetivo a oferta de acess\u00f3rios para Arquitetura privilegiando como material o a\u00e7o Inoxid\u00e1vel de qualidade ou combina\u00e7\u00e3o deste com outros materiais. Representamos uma s\u00e9rie de prestigiadas marcas, na sua maioria de origem nacional, procurando juntar outras solu\u00e7\u00f5es de linhas pr\u00f3prias com a melhor rela\u00e7\u00e3o qualidade, pre\u00e7o. Assim a [&hellip;]<\/p>\n","protected":false},"author":1,"featured_media":0,"parent":0,"menu_order":0,"comment_status":"closed","ping_status":"closed","template":"templates\/template-page-full-width.php","meta":{"iawp_total_views":38,"footnotes":""},"class_list":["post-148","page","type-page","status-publish","hentry"],"yoast_head":"<!-- This site is optimized with the Yoast SEO plugin v22.5 - https:\/\/yoast.com\/wordpress\/plugins\/seo\/ -->\n<title>Quem Somos -<\/title>\n<meta name=\"robots\" content=\"index, follow, max-snippet:-1, max-image-preview:large, max-video-preview:-1\" \/>\n<link rel=\"canonical\" href=\"https:\/\/ferragenspereira.pt\/?page_id=148\" \/>\n<meta property=\"og:locale\" content=\"pt_PT\" \/>\n<meta property=\"og:type\" content=\"article\" \/>\n<meta property=\"og:title\" content=\"Quem Somos -\" \/>\n<meta property=\"og:description\" content=\"Empresa fundada em 2005, tendo como principal objetivo a oferta de acess\u00f3rios para Arquitetura privilegiando como material o a\u00e7o Inoxid\u00e1vel de qualidade ou combina\u00e7\u00e3o deste com outros materiais. Representamos uma s\u00e9rie de prestigiadas marcas, na sua maioria de origem nacional, procurando juntar outras solu\u00e7\u00f5es de linhas pr\u00f3prias com a melhor rela\u00e7\u00e3o qualidade, pre\u00e7o. Assim a [&hellip;]\" \/>\n<meta property=\"og:url\" content=\"https:\/\/ferragenspereira.pt\/?page_id=148\" \/>\n<meta property=\"article:modified_time\" content=\"2024-04-09T08:11:49+00:00\" \/>\n<meta name=\"twitter:card\" content=\"summary_large_image\" \/>\n<meta name=\"twitter:label1\" content=\"Tempo estimado de leitura\" \/>\n\t<meta name=\"twitter:data1\" content=\"1 minuto\" \/>\n<script type=\"application\/ld+json\" class=\"yoast-schema-graph\">{\"@context\":\"https:\/\/schema.org\",\"@graph\":[{\"@type\":\"WebPage\",\"@id\":\"https:\/\/ferragenspereira.pt\/?page_id=148\",\"url\":\"https:\/\/ferragenspereira.pt\/?page_id=148\",\"name\":\"Quem Somos -\",\"isPartOf\":{\"@id\":\"https:\/\/ferragenspereira.pt\/#website\"},\"datePublished\":\"2024-04-09T07:56:46+00:00\",\"dateModified\":\"2024-04-09T08:11:49+00:00\",\"breadcrumb\":{\"@id\":\"https:\/\/ferragenspereira.pt\/?page_id=148#breadcrumb\"},\"inLanguage\":\"pt-PT\",\"potentialAction\":[{\"@type\":\"ReadAction\",\"target\":[\"https:\/\/ferragenspereira.pt\/?page_id=148\"]}]},{\"@type\":\"BreadcrumbList\",\"@id\":\"https:\/\/ferragenspereira.pt\/?page_id=148#breadcrumb\",\"itemListElement\":[{\"@type\":\"ListItem\",\"position\":1,\"name\":\"In\u00edcio\",\"item\":\"https:\/\/ferragenspereira.pt\/\"},{\"@type\":\"ListItem\",\"position\":2,\"name\":\"Quem Somos\"}]},{\"@type\":\"WebSite\",\"@id\":\"https:\/\/ferragenspereira.pt\/#website\",\"url\":\"https:\/\/ferragenspereira.pt\/\",\"name\":\"Ferragens Pereira Lda\",\"description\":\"\",\"publisher\":{\"@id\":\"https:\/\/ferragenspereira.pt\/#organization\"},\"potentialAction\":[{\"@type\":\"SearchAction\",\"target\":{\"@type\":\"EntryPoint\",\"urlTemplate\":\"https:\/\/ferragenspereira.pt\/?s={search_term_string}\"},\"query-input\":\"required name=search_term_string\"}],\"inLanguage\":\"pt-PT\"},{\"@type\":\"Organization\",\"@id\":\"https:\/\/ferragenspereira.pt\/#organization\",\"name\":\"Ferragens Pereira Lda\",\"url\":\"https:\/\/ferragenspereira.pt\/\",\"logo\":{\"@type\":\"ImageObject\",\"inLanguage\":\"pt-PT\",\"@id\":\"https:\/\/ferragenspereira.pt\/#\/schema\/logo\/image\/\",\"url\":\"https:\/\/ferragenspereira.pt\/wp-content\/uploads\/2024\/04\/cropped-Logo.jpg\",\"contentUrl\":\"https:\/\/ferragenspereira.pt\/wp-content\/uploads\/2024\/04\/cropped-Logo.jpg\",\"width\":898,\"height\":817,\"caption\":\"Ferragens Pereira Lda\"},\"image\":{\"@id\":\"https:\/\/ferragenspereira.pt\/#\/schema\/logo\/image\/\"}}]}<\/script>\n<!-- \/ Yoast SEO plugin. -->","yoast_head_json":{"title":"Quem Somos -","robots":{"index":"index","follow":"follow","max-snippet":"max-snippet:-1","max-image-preview":"max-image-preview:large","max-video-preview":"max-video-preview:-1"},"canonical":"https:\/\/ferragenspereira.pt\/?page_id=148","og_locale":"pt_PT","og_type":"article","og_title":"Quem Somos -","og_description":"Empresa fundada em 2005, tendo como principal objetivo a oferta de acess\u00f3rios para Arquitetura privilegiando como material o a\u00e7o Inoxid\u00e1vel de qualidade ou combina\u00e7\u00e3o deste com outros materiais. Representamos uma s\u00e9rie de prestigiadas marcas, na sua maioria de origem nacional, procurando juntar outras solu\u00e7\u00f5es de linhas pr\u00f3prias com a melhor rela\u00e7\u00e3o qualidade, pre\u00e7o. Assim a [&hellip;]","og_url":"https:\/\/ferragenspereira.pt\/?page_id=148","article_modified_time":"2024-04-09T08:11:49+00:00","twitter_card":"summary_large_image","twitter_misc":{"Tempo estimado de leitura":"1 minuto"},"schema":{"@context":"https:\/\/schema.org","@graph":[{"@type":"WebPage","@id":"https:\/\/ferragenspereira.pt\/?page_id=148","url":"https:\/\/ferragenspereira.pt\/?page_id=148","name":"Quem Somos -","isPartOf":{"@id":"https:\/\/ferragenspereira.pt\/#website"},"datePublished":"2024-04-09T07:56:46+00:00","dateModified":"2024-04-09T08:11:49+00:00","breadcrumb":{"@id":"https:\/\/ferragenspereira.pt\/?page_id=148#breadcrumb"},"inLanguage":"pt-PT","potentialAction":[{"@type":"ReadAction","target":["https:\/\/ferragenspereira.pt\/?page_id=148"]}]},{"@type":"BreadcrumbList","@id":"https:\/\/ferragenspereira.pt\/?page_id=148#breadcrumb","itemListElement":[{"@type":"ListItem","position":1,"name":"In\u00edcio","item":"https:\/\/ferragenspereira.pt\/"},{"@type":"ListItem","position":2,"name":"Quem Somos"}]},{"@type":"WebSite","@id":"https:\/\/ferragenspereira.pt\/#website","url":"https:\/\/ferragenspereira.pt\/","name":"Ferragens Pereira Lda","description":"","publisher":{"@id":"https:\/\/ferragenspereira.pt\/#organization"},"potentialAction":[{"@type":"SearchAction","target":{"@type":"EntryPoint","urlTemplate":"https:\/\/ferragenspereira.pt\/?s={search_term_string}"},"query-input":"required name=search_term_string"}],"inLanguage":"pt-PT"},{"@type":"Organization","@id":"https:\/\/ferragenspereira.pt\/#organization","name":"Ferragens Pereira Lda","url":"https:\/\/ferragenspereira.pt\/","logo":{"@type":"ImageObject","inLanguage":"pt-PT","@id":"https:\/\/ferragenspereira.pt\/#\/schema\/logo\/image\/","url":"https:\/\/ferragenspereira.pt\/wp-content\/uploads\/2024\/04\/cropped-Logo.jpg","contentUrl":"https:\/\/ferragenspereira.pt\/wp-content\/uploads\/2024\/04\/cropped-Logo.jpg","width":898,"height":817,"caption":"Ferragens Pereira Lda"},"image":{"@id":"https:\/\/ferragenspereira.pt\/#\/schema\/logo\/image\/"}}]}},"_links":{"self":[{"href":"https:\/\/ferragenspereira.pt\/index.php?rest_route=\/wp\/v2\/pages\/148","targetHints":{"allow":["GET"]}}],"collection":[{"href":"https:\/\/ferragenspereira.pt\/index.php?rest_route=\/wp\/v2\/pages"}],"about":[{"href":"https:\/\/ferragenspereira.pt\/index.php?rest_route=\/wp\/v2\/types\/page"}],"author":[{"embeddable":true,"href":"https:\/\/ferragenspereira.pt\/index.php?rest_route=\/wp\/v2\/users\/1"}],"replies":[{"embeddable":true,"href":"https:\/\/ferragenspereira.pt\/index.php?rest_route=%2Fwp%2Fv2%2Fcomments&post=148"}],"version-history":[{"count":1,"href":"https:\/\/ferragenspereira.pt\/index.php?rest_route=\/wp\/v2\/pages\/148\/revisions"}],"predecessor-version":[{"id":149,"href":"https:\/\/ferragenspereira.pt\/index.php?rest_route=\/wp\/v2\/pages\/148\/revisions\/149"}],"wp:attachment":[{"href":"https:\/\/ferragenspereira.pt\/index.php?rest_route=%2Fwp%2Fv2%2Fmedia&parent=148"}],"curies":[{"name":"wp","href":"https:\/\/api.w.org\/{rel}","templated":true}]}}