{"id":145,"date":"2024-04-09T07:54:10","date_gmt":"2024-04-09T07:54:10","guid":{"rendered":"https:\/\/ferragenspereira.pt\/?page_id=145"},"modified":"2024-04-09T08:12:45","modified_gmt":"2024-04-09T08:12:45","slug":"gama-m18","status":"publish","type":"page","link":"https:\/\/ferragenspereira.pt\/?page_id=145","title":{"rendered":"GAMA M18"},"content":{"rendered":"\n<p>A gama sem cabos da Milwaukee M18\u2122oferece mais de 165 solu\u00e7\u00f5es de alto rendimento para aplica\u00e7\u00f5es de alta exig\u00eancia.<\/p>\n\n\n\n<figure class=\"wp-block-image size-large\"><img fetchpriority=\"high\" decoding=\"async\" width=\"1024\" height=\"693\" src=\"https:\/\/ferragenspereira.pt\/wp-content\/uploads\/2024\/04\/GamaM18-1024x693.png\" alt=\"\" class=\"wp-image-146\" srcset=\"https:\/\/ferragenspereira.pt\/wp-content\/uploads\/2024\/04\/GamaM18-1024x693.png 1024w, https:\/\/ferragenspereira.pt\/wp-content\/uploads\/2024\/04\/GamaM18-300x203.png 300w, https:\/\/ferragenspereira.pt\/wp-content\/uploads\/2024\/04\/GamaM18-768x520.png 768w, https:\/\/ferragenspereira.pt\/wp-content\/uploads\/2024\/04\/GamaM18-600x406.png 600w, https:\/\/ferragenspereira.pt\/wp-content\/uploads\/2024\/04\/GamaM18.png 1477w\" sizes=\"(max-width: 1024px) 100vw, 1024px\" \/><\/figure>\n","protected":false},"excerpt":{"rendered":"<p>A gama sem cabos da Milwaukee M18\u2122oferece mais de 165 solu\u00e7\u00f5es de alto rendimento para aplica\u00e7\u00f5es de alta exig\u00eancia.<\/p>\n","protected":false},"author":1,"featured_media":0,"parent":0,"menu_order":0,"comment_status":"closed","ping_status":"closed","template":"templates\/template-page-full-width.php","meta":{"iawp_total_views":7,"footnotes":""},"class_list":["post-145","page","type-page","status-publish","hentry"],"yoast_head":"<!-- This site is optimized with the Yoast SEO plugin v22.5 - https:\/\/yoast.com\/wordpress\/plugins\/seo\/ -->\n<title>GAMA M18 -<\/title>\n<meta name=\"robots\" content=\"index, follow, max-snippet:-1, max-image-preview:large, max-video-preview:-1\" \/>\n<link rel=\"canonical\" href=\"https:\/\/ferragenspereira.pt\/?page_id=145\" \/>\n<meta property=\"og:locale\" content=\"pt_PT\" \/>\n<meta property=\"og:type\" content=\"article\" \/>\n<meta property=\"og:title\" content=\"GAMA M18 -\" \/>\n<meta property=\"og:description\" content=\"A gama sem cabos da Milwaukee M18\u2122oferece mais de 165 solu\u00e7\u00f5es de alto rendimento para aplica\u00e7\u00f5es de alta exig\u00eancia.\" \/>\n<meta property=\"og:url\" content=\"https:\/\/ferragenspereira.pt\/?page_id=145\" \/>\n<meta property=\"article:modified_time\" content=\"2024-04-09T08:12:45+00:00\" \/>\n<meta property=\"og:image\" content=\"https:\/\/ferragenspereira.pt\/wp-content\/uploads\/2024\/04\/GamaM18-1024x693.png\" \/>\n<meta name=\"twitter:card\" content=\"summary_large_image\" \/>\n<script type=\"application\/ld+json\" class=\"yoast-schema-graph\">{\"@context\":\"https:\/\/schema.org\",\"@graph\":[{\"@type\":\"WebPage\",\"@id\":\"https:\/\/ferragenspereira.pt\/?page_id=145\",\"url\":\"https:\/\/ferragenspereira.pt\/?page_id=145\",\"name\":\"GAMA M18 -\",\"isPartOf\":{\"@id\":\"https:\/\/ferragenspereira.pt\/#website\"},\"primaryImageOfPage\":{\"@id\":\"https:\/\/ferragenspereira.pt\/?page_id=145#primaryimage\"},\"image\":{\"@id\":\"https:\/\/ferragenspereira.pt\/?page_id=145#primaryimage\"},\"thumbnailUrl\":\"https:\/\/ferragenspereira.pt\/wp-content\/uploads\/2024\/04\/GamaM18-1024x693.png\",\"datePublished\":\"2024-04-09T07:54:10+00:00\",\"dateModified\":\"2024-04-09T08:12:45+00:00\",\"breadcrumb\":{\"@id\":\"https:\/\/ferragenspereira.pt\/?page_id=145#breadcrumb\"},\"inLanguage\":\"pt-PT\",\"potentialAction\":[{\"@type\":\"ReadAction\",\"target\":[\"https:\/\/ferragenspereira.pt\/?page_id=145\"]}]},{\"@type\":\"ImageObject\",\"inLanguage\":\"pt-PT\",\"@id\":\"https:\/\/ferragenspereira.pt\/?page_id=145#primaryimage\",\"url\":\"https:\/\/ferragenspereira.pt\/wp-content\/uploads\/2024\/04\/GamaM18.png\",\"contentUrl\":\"https:\/\/ferragenspereira.pt\/wp-content\/uploads\/2024\/04\/GamaM18.png\",\"width\":1477,\"height\":1000},{\"@type\":\"BreadcrumbList\",\"@id\":\"https:\/\/ferragenspereira.pt\/?page_id=145#breadcrumb\",\"itemListElement\":[{\"@type\":\"ListItem\",\"position\":1,\"name\":\"In\u00edcio\",\"item\":\"https:\/\/ferragenspereira.pt\/\"},{\"@type\":\"ListItem\",\"position\":2,\"name\":\"GAMA M18\"}]},{\"@type\":\"WebSite\",\"@id\":\"https:\/\/ferragenspereira.pt\/#website\",\"url\":\"https:\/\/ferragenspereira.pt\/\",\"name\":\"Ferragens Pereira Lda\",\"description\":\"\",\"publisher\":{\"@id\":\"https:\/\/ferragenspereira.pt\/#organization\"},\"potentialAction\":[{\"@type\":\"SearchAction\",\"target\":{\"@type\":\"EntryPoint\",\"urlTemplate\":\"https:\/\/ferragenspereira.pt\/?s={search_term_string}\"},\"query-input\":\"required name=search_term_string\"}],\"inLanguage\":\"pt-PT\"},{\"@type\":\"Organization\",\"@id\":\"https:\/\/ferragenspereira.pt\/#organization\",\"name\":\"Ferragens Pereira Lda\",\"url\":\"https:\/\/ferragenspereira.pt\/\",\"logo\":{\"@type\":\"ImageObject\",\"inLanguage\":\"pt-PT\",\"@id\":\"https:\/\/ferragenspereira.pt\/#\/schema\/logo\/image\/\",\"url\":\"https:\/\/ferragenspereira.pt\/wp-content\/uploads\/2024\/04\/cropped-Logo.jpg\",\"contentUrl\":\"https:\/\/ferragenspereira.pt\/wp-content\/uploads\/2024\/04\/cropped-Logo.jpg\",\"width\":898,\"height\":817,\"caption\":\"Ferragens Pereira Lda\"},\"image\":{\"@id\":\"https:\/\/ferragenspereira.pt\/#\/schema\/logo\/image\/\"}}]}<\/script>\n<!-- \/ Yoast SEO plugin. -->","yoast_head_json":{"title":"GAMA M18 -","robots":{"index":"index","follow":"follow","max-snippet":"max-snippet:-1","max-image-preview":"max-image-preview:large","max-video-preview":"max-video-preview:-1"},"canonical":"https:\/\/ferragenspereira.pt\/?page_id=145","og_locale":"pt_PT","og_type":"article","og_title":"GAMA M18 -","og_description":"A gama sem cabos da Milwaukee M18\u2122oferece mais de 165 solu\u00e7\u00f5es de alto rendimento para aplica\u00e7\u00f5es de alta exig\u00eancia.","og_url":"https:\/\/ferragenspereira.pt\/?page_id=145","article_modified_time":"2024-04-09T08:12:45+00:00","og_image":[{"url":"https:\/\/ferragenspereira.pt\/wp-content\/uploads\/2024\/04\/GamaM18-1024x693.png"}],"twitter_card":"summary_large_image","schema":{"@context":"https:\/\/schema.org","@graph":[{"@type":"WebPage","@id":"https:\/\/ferragenspereira.pt\/?page_id=145","url":"https:\/\/ferragenspereira.pt\/?page_id=145","name":"GAMA M18 -","isPartOf":{"@id":"https:\/\/ferragenspereira.pt\/#website"},"primaryImageOfPage":{"@id":"https:\/\/ferragenspereira.pt\/?page_id=145#primaryimage"},"image":{"@id":"https:\/\/ferragenspereira.pt\/?page_id=145#primaryimage"},"thumbnailUrl":"https:\/\/ferragenspereira.pt\/wp-content\/uploads\/2024\/04\/GamaM18-1024x693.png","datePublished":"2024-04-09T07:54:10+00:00","dateModified":"2024-04-09T08:12:45+00:00","breadcrumb":{"@id":"https:\/\/ferragenspereira.pt\/?page_id=145#breadcrumb"},"inLanguage":"pt-PT","potentialAction":[{"@type":"ReadAction","target":["https:\/\/ferragenspereira.pt\/?page_id=145"]}]},{"@type":"ImageObject","inLanguage":"pt-PT","@id":"https:\/\/ferragenspereira.pt\/?page_id=145#primaryimage","url":"https:\/\/ferragenspereira.pt\/wp-content\/uploads\/2024\/04\/GamaM18.png","contentUrl":"https:\/\/ferragenspereira.pt\/wp-content\/uploads\/2024\/04\/GamaM18.png","width":1477,"height":1000},{"@type":"BreadcrumbList","@id":"https:\/\/ferragenspereira.pt\/?page_id=145#breadcrumb","itemListElement":[{"@type":"ListItem","position":1,"name":"In\u00edcio","item":"https:\/\/ferragenspereira.pt\/"},{"@type":"ListItem","position":2,"name":"GAMA M18"}]},{"@type":"WebSite","@id":"https:\/\/ferragenspereira.pt\/#website","url":"https:\/\/ferragenspereira.pt\/","name":"Ferragens Pereira Lda","description":"","publisher":{"@id":"https:\/\/ferragenspereira.pt\/#organization"},"potentialAction":[{"@type":"SearchAction","target":{"@type":"EntryPoint","urlTemplate":"https:\/\/ferragenspereira.pt\/?s={search_term_string}"},"query-input":"required name=search_term_string"}],"inLanguage":"pt-PT"},{"@type":"Organization","@id":"https:\/\/ferragenspereira.pt\/#organization","name":"Ferragens Pereira Lda","url":"https:\/\/ferragenspereira.pt\/","logo":{"@type":"ImageObject","inLanguage":"pt-PT","@id":"https:\/\/ferragenspereira.pt\/#\/schema\/logo\/image\/","url":"https:\/\/ferragenspereira.pt\/wp-content\/uploads\/2024\/04\/cropped-Logo.jpg","contentUrl":"https:\/\/ferragenspereira.pt\/wp-content\/uploads\/2024\/04\/cropped-Logo.jpg","width":898,"height":817,"caption":"Ferragens Pereira Lda"},"image":{"@id":"https:\/\/ferragenspereira.pt\/#\/schema\/logo\/image\/"}}]}},"_links":{"self":[{"href":"https:\/\/ferragenspereira.pt\/index.php?rest_route=\/wp\/v2\/pages\/145","targetHints":{"allow":["GET"]}}],"collection":[{"href":"https:\/\/ferragenspereira.pt\/index.php?rest_route=\/wp\/v2\/pages"}],"about":[{"href":"https:\/\/ferragenspereira.pt\/index.php?rest_route=\/wp\/v2\/types\/page"}],"author":[{"embeddable":true,"href":"https:\/\/ferragenspereira.pt\/index.php?rest_route=\/wp\/v2\/users\/1"}],"replies":[{"embeddable":true,"href":"https:\/\/ferragenspereira.pt\/index.php?rest_route=%2Fwp%2Fv2%2Fcomments&post=145"}],"version-history":[{"count":2,"href":"https:\/\/ferragenspereira.pt\/index.php?rest_route=\/wp\/v2\/pages\/145\/revisions"}],"predecessor-version":[{"id":375,"href":"https:\/\/ferragenspereira.pt\/index.php?rest_route=\/wp\/v2\/pages\/145\/revisions\/375"}],"wp:attachment":[{"href":"https:\/\/ferragenspereira.pt\/index.php?rest_route=%2Fwp%2Fv2%2Fmedia&parent=145"}],"curies":[{"name":"wp","href":"https:\/\/api.w.org\/{rel}","templated":true}]}}